{"id":15,"date":"2013-03-31T23:18:56","date_gmt":"2013-03-31T21:18:56","guid":{"rendered":"https:\/\/www.walkberlin.com\/de\/?page_id=15"},"modified":"2022-05-29T08:49:42","modified_gmt":"2022-05-29T06:49:42","slug":"hitlers-berlin","status":"publish","type":"page","link":"https:\/\/www.walkberlin.com\/de\/stadtfuehrungen-berlin\/hitlers-berlin\/","title":{"rendered":"Stadtf\u00fchrung Hitlers Berlin"},"content":{"rendered":"<div class=\"alignleft border\"><img loading=\"lazy\" width=\"300\" height=\"200\" class=\"size-medium wp-image-217\" src=\"https:\/\/www.walkberlin.com\/de\/wp-content\/uploads\/sites\/2\/2013\/06\/denkmal-juden-europa-300x200.jpg\" alt=\"Denkmal f\u00fcr die ermordeten Juden Europas - Berlin\" srcset=\"https:\/\/www.walkberlin.com\/de\/wp-content\/uploads\/sites\/2\/2013\/06\/denkmal-juden-europa-300x200.jpg 300w, https:\/\/www.walkberlin.com\/de\/wp-content\/uploads\/sites\/2\/2013\/06\/denkmal-juden-europa-100x66.jpg 100w, https:\/\/www.walkberlin.com\/de\/wp-content\/uploads\/sites\/2\/2013\/06\/denkmal-juden-europa-680x450.jpg 680w, https:\/\/www.walkberlin.com\/de\/wp-content\/uploads\/sites\/2\/2013\/06\/denkmal-juden-europa-330x220.jpg 330w, https:\/\/www.walkberlin.com\/de\/wp-content\/uploads\/sites\/2\/2013\/06\/denkmal-juden-europa-200x133.jpg 200w, https:\/\/www.walkberlin.com\/de\/wp-content\/uploads\/sites\/2\/2013\/06\/denkmal-juden-europa.jpg 1024w\" sizes=\"(max-width: 300px) 100vw, 300px\" \/><\/div>\n<p>Erleben Sie in der <strong>Stadtf\u00fchrung &#8220;Hitlers Berlin&#8221;<\/strong> Berlin als Sitz des NS-Regimes und Ort des deutschen Widerstands von 1933 bis 1945. Als Reichshauptstadt wurde Berlin in seiner Geschichte und in seiner Architektur durch die \u201ebraune Macht\u201c stark gepr\u00e4gt. Heute noch sind Spuren der NS-Zeit in Berlin zu sehen. Einige Geb\u00e4ude wurden nach dem Krieg in der DDR und BRD weitergenutzt und haben seit der 1990 neue Funktionen \u00fcbernommen. Begleiten Sie mich durch das ehemalige \u201e<strong>Germania<\/strong>\u201c zu den wichtigsten Stationen des nationalsozialistischen Staatsapparates, des Widerstands gegen das NS-Regime und durch das aktuelle Berlin.<br \/>\n<div class=\"widget-title-border\"><div class=\"widget-title-block\"><\/div><\/div><br \/>\n<h2>Highlights<\/h2>\n<div class=\"one-half\">\n<ul class=\"list3\">\n<li>Private F\u00fchrung<\/li>\n<li>Termin nach Anfrage<\/li>\n<li>Kleine Gruppen<\/li>\n<li>Berlin 1933-1945: Terror und Widerstand<\/li>\n<\/ul>\n<\/div>\n<div class=\"one-half last-col\">\n<ul class=\"list3\">\n<li>Ehem. Reichsluftfahrtministerium von Hermann G\u00f6ring<\/li>\n<li>&#8220;F\u00fchrerbunker&#8221; (ehemaliger Ort)<\/li>\n<li>Holocaust Mahnmal<\/li>\n<li>und viele weitere<\/li>\n<\/ul>\n<\/div>\n<div class=\"clearfix\"><\/div>\n<div class=\"widget-title-border\"><div class=\"widget-title-block\"><\/div><\/div><br \/>\n<h2>Tourdaten<\/h2>\n<div class=\"one-half\">\n<ul class=\"list1\">\n<li>Dauer: ca 3,5 Stunden<\/li>\n<li>Treffpunkt: U-Bahnhof &#8220;Bundestag&#8221; gegen\u00fcber des Bundestags<\/li>\n<li>Preis nach Gruppengr\u00f6\u00dfe<\/li>\n<li>Keine Besichtigung des Reichstags<\/li>\n<\/ul>\n<\/div>\n<div class=\"one-half last-col\">\n<p><strong><strong>Anfrage und Reservierung: Diese Tour wird leider nicht mehr angeboten.<\/strong><\/strong><\/p>\n<\/div>\n<div class=\"clearfix\"><\/div>\n<div class=\"widget-title-border\"><div class=\"widget-title-block\"><\/div><\/div><br \/>\n<h2>Berlin 1933-1945<\/h2>\n<p>Von 1933 bis zum Ende des Zweiten Weltkrieges 1945 etablierten <a href=\"https:\/\/www.dhm.de\/lemo\/biografie\/adolf-hitler\" target=\"_blank\" rel=\"noopener noreferrer\">Adolf Hitler<\/a> und die NSDAP eine nationalsozialistische und rassistische Diktatur in Deutschland. Als Reichshauptstadt wurde Berlin in seiner Geschichte und in seiner Architektur durch die \u201ebraune Macht\u201c stark gepr\u00e4gt. Heute noch sind Spuren der NS-Zeit in Berlin zu sehen. Einige Geb\u00e4ude wurden nach 1949 in der DDR und BRD weitergenutzt, andere wie viele Denkm\u00e4ler wurden erst nach 1990 errichtet und erinnern heute an die Opfer des Regimes. In der Stadtf\u00fchrung \u201eHitlers Berlin\u201c m\u00f6chte ich Sie durch das ehemalige \u201eGermania\u201c f\u00fchren und Ihnen die wichtigsten Stationen sowohl des nationalsozialistischen Staatsapparates als auch der Opposition gegen das NS-Regime pr\u00e4sentieren.<\/p>\n<h2>Berlin, Kulturmetropole und Aush\u00e4ngeschild der NSDAP<\/h2>\n<p>Berlin in den Goldenen Zwanziger war ein multikultureller Ort. Mit der Macht\u00fcbernahme Hitlers am 30. Januar 1933 wurde Berlin zum Schauplatz des neuen Regimes. Innerhalb von paar Monaten nur wurden alle demokratischen Institutionen, Oppositionellen und Andersdenkende vernichtet. Der erste Anlass war der Brand des Reichstages in der Nacht vom 27. auf den 28. Februar 1933. Die ersten Opfer des nationalsozialistischen Repressionssystems waren die Abgeordneten der Opposition, die Kommunisten, die zu Unrecht f\u00fcr den Brand verantwortlich gemacht wurden. SA und SS inhaftierten und folterten sie in den \u201ewilden KZ\u201c. Ab Juli 1933 wurden alle anderen Parteien verboten. Da fangen wir die <a title=\"Stadtf\u00fchrung Berlin\" href=\"\/\">Stadtf\u00fchrung<\/a> an: vor dem Reichstagsgeb\u00e4ude, wo \u201e<strong>Hitlers Berlin<\/strong>\u201c 1933 begonnen hat.<\/p>\n<p>Als Zentrum j\u00fcdisches Leben war die Hauptstadt von den Ma\u00dfnahmen der Judenverfolgung besonders stark betroffen. Schon am 1. April 1933 wurden j\u00fcdische L\u00e4den boykottiert \u2013 dies war die erste antisemitische Ma\u00dfnahme des NS-Regimes. Damals lebten 160.000 deutsche Juden in der Hauptstadt. Weitere Ma\u00dfnahmen folgten 1935, 1938 und schlie\u00dflich 1941 mit der systematischen Verfolgung und Deportation j\u00fcdischen Familien in den Konzentrationslager. Eine antisemitische Aktion allerdings wurde nicht direkt von den NS-Machthabern initiiert: die B\u00fccherverbrennung vom 10. Mai 1933 auf dem Opernplatz vor der Bibliothek der Humboldt-Universit\u00e4t. An diesem Abend haben Studenten nun verbotene B\u00fccher von Autoren verbrannt, die der NS-Ideologie nicht entsprachen.<\/p>\n<h2>Krieg und Erinnerung<\/h2>\n<p>Schon ab 1935 wurde in Deutschland aufger\u00fcstet \u2013 trotz Versailler Vertrages \u2013 mit dem Ziel, einen neuen Krieg vorzubereiten. Viele Orte, die heute Sitze anderer Ministerien sind, wurden damals f\u00fcr die Kriegsplanung, die verbrecherischen Befehlsordnungen und den \u201eTotalen Krieg\u201c benutzt. Ich zeige Ihnen u.a., wo mal G\u00f6rings Luftfahrtministerium oder das Ministerium f\u00fcr \u201eVolksaufkl\u00e4rung und Propaganda\u201d von Goebbels waren. Andere wurden komplett zerst\u00f6rt wie der \u201eF\u00fchrerbunker\u201c oder die Zentrale des ReichSicherheits-HauptAmtes. Trotzdem sind sie einen Umweg Wert.<\/p>\n<p>Heute erinnern in Berlin viele Mahnmale und Gedenkst\u00e4tten an die kaum bekannten Widerstandsk\u00e4mpfer des Regimes und an die Opfer des Nationalsozialismus. Wir beenden die Stadtf\u00fchrung vor dem markantesten von denen vor dem Mahnmal f\u00fcr die ermordeten Juden Europas.<\/p>\n<div class=\"widget-title-border\"><div class=\"widget-title-block\"><\/div><\/div><br \/>\n<div id=\"social-media\">\n\t\t\t\t\t\t<span class=\"h3\">Empfehlen und teilen<\/span>\n\t\t\t\t\t\t<ul>\n\t\t\t\t\t\t\t<li>\n\t\t\t\t\t\t\t\t<img src=\"https:\/\/www.walkberlin.com\/de\/wp-content\/themes\/stylemag\/images\/social-media\/facebook_icon.png\" id=\"facebook\" class=\"socialbtn\" alt=\"\" \/>\n\t\t\t\t\t\t\t<\/li>\n\t\t\t\t\t\t\t<li>\n\t\t\t\t\t\t\t\t<img src=\"https:\/\/www.walkberlin.com\/de\/wp-content\/themes\/stylemag\/images\/social-media\/twitter_icon.png\" id=\"twitter\" class=\"socialbtn\" alt=\"\" \/>\n\t\t\t\t\t\t\t<\/li>\n\t\t\t\t\t\t\t<li>\n\t\t\t\t\t\t\t\t<img src=\"https:\/\/www.walkberlin.com\/de\/wp-content\/themes\/stylemag\/images\/social-media\/googleplus_icon.png\" id=\"googleplus\" class=\"socialbtn\" alt=\"\" \/>\n\t\t\t\t\t\t\t<\/li>\n\t\t\t\t\t\t\t<li>\n\t\t\t\t\t\t\t\t<img src=\"https:\/\/www.walkberlin.com\/de\/wp-content\/themes\/stylemag\/images\/social-media\/pinterest_icon.png\" id=\"pinterest\" class=\"socialbtn\" alt=\"\" \/>\n\t\t\t\t\t\t\t<\/li>\n\t\t\t\t\t\t\t<li>\n\t\t\t\t\t\t\t\t<img src=\"https:\/\/www.walkberlin.com\/de\/wp-content\/themes\/stylemag\/images\/social-media\/whatsapp_icon.png\" id=\"whatsapp\" class=\"socialbtn\" alt=\"\" \/>\n\t\t\t\t\t\t\t<\/li>\n\t\t\t\t\t\t\t<li>\n\t\t\t\t\t\t\t\t<img src=\"https:\/\/www.walkberlin.com\/de\/wp-content\/themes\/stylemag\/images\/social-media\/email_icon.png\" id=\"email\" class=\"socialbtn\" alt=\"\" \/>\n\t\t\t\t\t\t\t<\/li>\n\t\t\t\t\t\t<\/ul>\n\t\t\t\t\t\t<\/div>\n\t\t\t\t\t\t\t<div class=\"widget-title-border\">\n\t\t\t\t\t\t<div class=\"widget-title-block\"><\/div>\n\t\t\t\t\t<\/div>","protected":false},"excerpt":{"rendered":"<p>Erleben Sie in der Stadtf\u00fchrung &#8220;Hitlers Berlin&#8221; Berlin als Sitz des NS-Regimes und Ort des deutschen Widerstands von 1933 bis 1945. Als Reichshauptstadt wurde Berlin in seiner Geschichte und in seiner Architektur durch die \u201ebraune Macht\u201c stark gepr\u00e4gt. Heute noch sind Spuren der NS-Zeit in Berlin zu sehen. Einige Geb\u00e4ude wurden nach dem Krieg in<\/p>\n","protected":false},"author":1,"featured_media":217,"parent":8,"menu_order":2,"comment_status":"closed","ping_status":"closed","template":"","meta":[],"_links":{"self":[{"href":"https:\/\/www.walkberlin.com\/de\/wp-json\/wp\/v2\/pages\/15"}],"collection":[{"href":"https:\/\/www.walkberlin.com\/de\/wp-json\/wp\/v2\/pages"}],"about":[{"href":"https:\/\/www.walkberlin.com\/de\/wp-json\/wp\/v2\/types\/page"}],"author":[{"embeddable":true,"href":"https:\/\/www.walkberlin.com\/de\/wp-json\/wp\/v2\/users\/1"}],"replies":[{"embeddable":true,"href":"https:\/\/www.walkberlin.com\/de\/wp-json\/wp\/v2\/comments?post=15"}],"version-history":[{"count":102,"href":"https:\/\/www.walkberlin.com\/de\/wp-json\/wp\/v2\/pages\/15\/revisions"}],"predecessor-version":[{"id":2394,"href":"https:\/\/www.walkberlin.com\/de\/wp-json\/wp\/v2\/pages\/15\/revisions\/2394"}],"up":[{"embeddable":true,"href":"https:\/\/www.walkberlin.com\/de\/wp-json\/wp\/v2\/pages\/8"}],"wp:featuredmedia":[{"embeddable":true,"href":"https:\/\/www.walkberlin.com\/de\/wp-json\/wp\/v2\/media\/217"}],"wp:attachment":[{"href":"https:\/\/www.walkberlin.com\/de\/wp-json\/wp\/v2\/media?parent=15"}],"curies":[{"name":"wp","href":"https:\/\/api.w.org\/{rel}","templated":true}]}}