{"id":17,"date":"2013-03-31T23:19:14","date_gmt":"2013-03-31T21:19:14","guid":{"rendered":"https:\/\/www.walkberlin.com\/de\/?page_id=17"},"modified":"2022-05-29T08:48:45","modified_gmt":"2022-05-29T06:48:45","slug":"franzoesische-spuren-berlin","status":"publish","type":"page","link":"https:\/\/www.walkberlin.com\/de\/stadtfuehrungen-berlin\/franzoesische-spuren-berlin\/","title":{"rendered":"Stadtf\u00fchrung Franz\u00f6sische Spuren in Berlin"},"content":{"rendered":"<div class=\"alignleft border\"><img class=\"size-medium wp-image-217\" title=\"Pariser Platz - Berlin am Brandenburger Tor\" src=\"https:\/\/www.walkberlin.com\/de\/wp-content\/uploads\/sites\/2\/2013\/06\/pariserplatz-300x200.jpg\" alt=\"Pariser Platz - Berlin am Brandenburger Tor\" \/><\/div>\n<p>Entdecken Sie in der <strong>Stadtf\u00fchrung &#8220;Franz\u00f6sische Spuren in Berlin&#8221;<\/strong> die franz\u00f6sische Geschichte Berlins. Von den Hugenotten im 17. Jahrhundert bis zu den franz\u00f6sischen Besatzungstruppen nach dem Ende des Zweiten Weltkrieges, durch K\u00fcnstler, Intellektuellen, Barkeeper nach dem Mauerfall ist die Pr\u00e4senz der Franzosen in Berlin heute noch sp\u00fcrbar. Ihre Beziehung mit den Berlinern einmalig. Seit \u00fcber 300 Jahren gibt es Kriege aber auch Kooperationen und Austausche, die das Bild der Stadt stark gepr\u00e4gt haben. Begleiten Sie mich in dieser Tour zu den historischen Orten, die an diese deutsch-franz\u00f6sische Geschichte in Berlin erinnern.<br \/>\n<div class=\"widget-title-border\"><div class=\"widget-title-block\"><\/div><\/div><br \/>\n<h2>Highlights<\/h2>\n<div class=\"one-half\">\n<ul class=\"list3\">\n<li>Private F\u00fchrung<\/li>\n<li>Termin nach Anfrage<\/li>\n<li>Kleine Gruppen<\/li>\n<li>Berlin vom 17. Jht bis heute<\/li>\n<\/ul>\n<\/div>\n<div class=\"one-half last-col\">\n<ul class=\"list3\">\n<li>Brandenburger Tor und Pariser Platz<\/li>\n<li>Siegess\u00e4ule<\/li>\n<li>Checkpoint Charlie<\/li>\n<li>und viele weitere<\/li>\n<\/ul>\n<\/div>\n<div class=\"clearfix\"><\/div>\n<div class=\"widget-title-border\"><div class=\"widget-title-block\"><\/div><\/div><br \/>\n<h2>Tourdaten<\/h2>\n<div class=\"one-half\">\n<ul class=\"list1\">\n<li>Dauer: ca 2,5 Stunden<\/li>\n<li>Treffpunkt: Tourist Infopunkt am Pariser Platz<\/li>\n<li>Preis nach Gruppengr\u00f6\u00dfe<\/li>\n<li>Keine Besichtigung des Quartier Napoleon<\/li>\n<\/ul>\n<\/div>\n<div class=\"one-half last-col\">\n<p><strong>Anfrage und Reservierung: Diese Tour wird leider nicht mehr angeboten.<\/strong><\/p>\n<\/div>\n<div class=\"clearfix\"><\/div>\n<div class=\"widget-title-border\"><div class=\"widget-title-block\"><\/div><\/div><br \/>\n<h2>Die Franzosen kommen nach Berlin<\/h2>\n<p><strong>Fl\u00fcchtlinge<\/strong>. Ende des 17. Jahrhunderts hob der franz\u00f6sische K\u00f6nig Ludwig der XIV. das Edikt von Nantes auf. F\u00fcr die Protestanten bedeutete es, dass sie ihre Religion in Frankreich nicht mehr aus\u00fcben durften. Der gro\u00dfe Kurf\u00fcrst bot Ihnen Aufenthalt in Berlin und Brandenburg an. Das Edikt von Potsdam war eine offizielle Einladung, sich in Brandenburg niederzulassen. Verfolgt in ihrem Land befolgten viele das Appell: 20.000 wanderten nach Brandenburg aus, 6000 nach Berlin. Der Austausch und die Einfl\u00fcsse waren zahlreich und vielf\u00e4ltig: Kultur, Wissenschaft und Wirtschaft. <strong>Der Gendarmenmarkt<\/strong> ist heute nur eine der Spuren dieser Zeit.<\/p>\n<p>Das Hauptsiedlungsgebiet bildete damals der heutige Berliner Stadtteil Moabit, der den franz\u00f6sischen Einwanderern seinen Namen zu verdanken hat. Woher aber der Name \u201eMoabit\u201c kommt, ist heute noch unklar. Es gibt verschiedene Interpretationsversuche. &#8220;Terre de moab&#8221; kommt aber am h\u00e4ufigsten. Der Ausdruck kommt vom alttestamentarischen Moabiterland, das den Israeliten bei ihrem Auszug aus \u00c4gypten Zuflucht gew\u00e4hrte.<\/p>\n<p>Nach dem Zweiten Weltkrieg geh\u00f6rte <strong>Frankreich zu den Besatzungsm\u00e4chten in Deutschland<\/strong> und war an der Besatzungspolitik der Alliierten beteiligt. Am Rande der Potsdamer Konferenz im Sommer 1945 wurde ihnen einen Sektoren zugeteilt: Reinickendorf-Wedding \u2013 nicht so weit weg vom urspr\u00fcnglichen Kiez der Franzosen. Schon in den 1960ern haben sich die Beziehungen zwischen Besatzern und Berlinern verbessert. Veranstaltungen wie das deutsch-franz\u00f6sische Volksfest, Sport-Wettbewerbe, deutsch-franz\u00f6sische Stammtische und der 14. Juli haben dazu beigetragen. Das Leben in der Garnison organisierte sich um das Quartier Napol\u00e9on und die Cit\u00e9 Foch.<\/p>\n<h2>und bleiben<\/h2>\n<p>1994 war der Abzug der franz\u00f6sischen Truppen aber viele Franzosen sind geblieben, viele auch dazu gekommen. Heute kommen immer mehr Studenten und junge Erwerbst\u00e4tige nach Berlin. Das Institut fran\u00e7ais, le Centre culturel oder das franz\u00f6sische Gymnasium, die zahlreichen franz\u00f6sischen Restaurants sind der Beweis der engen Verbundenheit.<\/p>\n<p>Erleben Sie die Geschichte der Franzosen in Berlin in der Stadtf\u00fchrung \u201eFranz\u00f6sische Spuren in Berlin\u201c von den Hugenotten zu den Alliierten, vom Pariser Platz am Brandenburger Tor bis zum Checkpoint Charlie.<\/p>\n<div id=\"social-media\">\n\t\t\t\t\t\t<span class=\"h3\">Empfehlen und teilen<\/span>\n\t\t\t\t\t\t<ul>\n\t\t\t\t\t\t\t<li>\n\t\t\t\t\t\t\t\t<img src=\"https:\/\/www.walkberlin.com\/de\/wp-content\/themes\/stylemag\/images\/social-media\/facebook_icon.png\" id=\"facebook\" class=\"socialbtn\" alt=\"\" \/>\n\t\t\t\t\t\t\t<\/li>\n\t\t\t\t\t\t\t<li>\n\t\t\t\t\t\t\t\t<img src=\"https:\/\/www.walkberlin.com\/de\/wp-content\/themes\/stylemag\/images\/social-media\/twitter_icon.png\" id=\"twitter\" class=\"socialbtn\" alt=\"\" \/>\n\t\t\t\t\t\t\t<\/li>\n\t\t\t\t\t\t\t<li>\n\t\t\t\t\t\t\t\t<img src=\"https:\/\/www.walkberlin.com\/de\/wp-content\/themes\/stylemag\/images\/social-media\/googleplus_icon.png\" id=\"googleplus\" class=\"socialbtn\" alt=\"\" \/>\n\t\t\t\t\t\t\t<\/li>\n\t\t\t\t\t\t\t<li>\n\t\t\t\t\t\t\t\t<img src=\"https:\/\/www.walkberlin.com\/de\/wp-content\/themes\/stylemag\/images\/social-media\/pinterest_icon.png\" id=\"pinterest\" class=\"socialbtn\" alt=\"\" \/>\n\t\t\t\t\t\t\t<\/li>\n\t\t\t\t\t\t\t<li>\n\t\t\t\t\t\t\t\t<img src=\"https:\/\/www.walkberlin.com\/de\/wp-content\/themes\/stylemag\/images\/social-media\/whatsapp_icon.png\" id=\"whatsapp\" class=\"socialbtn\" alt=\"\" \/>\n\t\t\t\t\t\t\t<\/li>\n\t\t\t\t\t\t\t<li>\n\t\t\t\t\t\t\t\t<img src=\"https:\/\/www.walkberlin.com\/de\/wp-content\/themes\/stylemag\/images\/social-media\/email_icon.png\" id=\"email\" class=\"socialbtn\" alt=\"\" \/>\n\t\t\t\t\t\t\t<\/li>\n\t\t\t\t\t\t<\/ul>\n\t\t\t\t\t\t<\/div>\n\t\t\t\t\t\t\t<div class=\"widget-title-border\">\n\t\t\t\t\t\t<div class=\"widget-title-block\"><\/div>\n\t\t\t\t\t<\/div>","protected":false},"excerpt":{"rendered":"<p>Entdecken Sie in der Stadtf\u00fchrung &#8220;Franz\u00f6sische Spuren in Berlin&#8221; die franz\u00f6sische Geschichte Berlins. Von den Hugenotten im 17. Jahrhundert bis zu den franz\u00f6sischen Besatzungstruppen nach dem Ende des Zweiten Weltkrieges, durch K\u00fcnstler, Intellektuellen, Barkeeper nach dem Mauerfall ist die Pr\u00e4senz der Franzosen in Berlin heute noch sp\u00fcrbar. Ihre Beziehung mit den Berlinern einmalig. Seit \u00fcber<\/p>\n","protected":false},"author":1,"featured_media":213,"parent":8,"menu_order":1,"comment_status":"closed","ping_status":"closed","template":"","meta":[],"_links":{"self":[{"href":"https:\/\/www.walkberlin.com\/de\/wp-json\/wp\/v2\/pages\/17"}],"collection":[{"href":"https:\/\/www.walkberlin.com\/de\/wp-json\/wp\/v2\/pages"}],"about":[{"href":"https:\/\/www.walkberlin.com\/de\/wp-json\/wp\/v2\/types\/page"}],"author":[{"embeddable":true,"href":"https:\/\/www.walkberlin.com\/de\/wp-json\/wp\/v2\/users\/1"}],"replies":[{"embeddable":true,"href":"https:\/\/www.walkberlin.com\/de\/wp-json\/wp\/v2\/comments?post=17"}],"version-history":[{"count":101,"href":"https:\/\/www.walkberlin.com\/de\/wp-json\/wp\/v2\/pages\/17\/revisions"}],"predecessor-version":[{"id":2392,"href":"https:\/\/www.walkberlin.com\/de\/wp-json\/wp\/v2\/pages\/17\/revisions\/2392"}],"up":[{"embeddable":true,"href":"https:\/\/www.walkberlin.com\/de\/wp-json\/wp\/v2\/pages\/8"}],"wp:featuredmedia":[{"embeddable":true,"href":"https:\/\/www.walkberlin.com\/de\/wp-json\/wp\/v2\/media\/213"}],"wp:attachment":[{"href":"https:\/\/www.walkberlin.com\/de\/wp-json\/wp\/v2\/media?parent=17"}],"curies":[{"name":"wp","href":"https:\/\/api.w.org\/{rel}","templated":true}]}}