{"id":2132,"date":"2016-05-12T08:26:35","date_gmt":"2016-05-12T06:26:35","guid":{"rendered":"https:\/\/www.walkberlin.com\/de\/?page_id=2132"},"modified":"2022-05-29T10:56:54","modified_gmt":"2022-05-29T08:56:54","slug":"deutsche-widerstand-gegen-nationalsozialismus","status":"publish","type":"page","link":"https:\/\/www.walkberlin.com\/de\/stadtfuehrungen-berlin\/deutsche-widerstand-gegen-nationalsozialismus\/","title":{"rendered":"Der deutsche Widerstand gegen den Nationalsozialismus"},"content":{"rendered":"<div class=\"alignleft border\"><img src=\"https:\/\/www.walkberlin.com\/fr\/wp-content\/uploads\/sites\/3\/2013\/08\/widerstand-150x150.jpg\" alt=\"Denkmal Georg Elser, Berlin\" class=\"size-medium wp-image-644\" \/><\/div>\n<p>In den 20er Jahren war Berlin multikulturell, politisch \u201erot\u201c und avantgardistisch. 1933 wurde Berlin zur Hauptstadt des \u201eDritten Reiches\u201c aber auch zum Ort des Widerstandes gegen das nationalsozialistische Regime. Heute noch sind Spuren dieser Zeit in Berlin zu sehen. Denkm\u00e4ler und Gedenkst\u00e4tten erinnern daran \u2013 wer, wie und wo Widerstand geleistet wurde. Attentate, Flugbl\u00e4tter, Hilfe an Verfolgten, entdecken Sie in dieser Tour: <strong>Der deutsche Widerstand gegen den Nationalsozialismus<\/strong> wie vielf\u00e4ltig der Widerstand in Berlin war. <\/p>\n<div class=\"widget-title-border\"><div class=\"widget-title-block\"><\/div><\/div><br \/>\n<h2>Highlights<\/h2>\n<div class=\"one-half\">\n<ul class=\"list3\">\n<li>Private F\u00fchrung<\/li>\n<li>Termin nach Anfrage<\/li>\n<li>Kleine Gruppen<\/li>\n<li>Berlin 1933-1945: Terror und Widerstand<\/li>\n<\/ul>\n<\/div>\n<div class=\"one-half last-col\">\n<ul class=\"list3\">\n<li>Ehem. Reichsluftfahrtministerium von Hermann G\u00f6ring<\/li>\n<li>Georg-Elser-Denkmal<\/li>\n<li>Bendlerblock<\/li>\n<li>und viele weitere<\/li>\n<\/ul>\n<\/div>\n<div class=\"clearfix\"><\/div>\n<div class=\"widget-title-border\"><div class=\"widget-title-block\"><\/div><\/div><br \/>\n<h2>Tourdaten<\/h2>\n<div class=\"one-half\">\n<ul class=\"list1\">\n<li>Dauer: ca 3,5 Stunden<\/li>\n<li>Treffpunkt: U-Bahnhof &#8220;Bundestag&#8221; gegen\u00fcber des Bundestags<\/li>\n<li>Preis nach Gruppengr\u00f6\u00dfe<\/li>\n<li>Selbst\u00e4ndige Besichtigung der Gedenkst\u00e4tte Deutscher Widerstand und des Museums Blindenwerkstatt Otto Weidt<\/li>\n<\/ul>\n<\/div>\n<div class=\"one-half last-col\">\n<p><strong>Diese Tour wird nicht mehr angeboten<\/strong><\/p>\n<\/div>\n<div class=\"clearfix\"><\/div>\n<div class=\"widget-title-border\"><div class=\"widget-title-block\"><\/div><\/div><br \/>\n<h2>Der deutsche Widerstand in Berlin<\/h2>\n<p>Vielleicht, weil Berlin noch &#8220;rot&#8221; war 1933, vielleicht, weil die Gro\u00dfstadt mehr Anonymit\u00e4t und daher mehr Versteckm\u00f6glichkeiten anbietet, wurde Berlin zu einem der wichtigsten Orten des deutschen Widerstandes gegen das nationalsozialistische Regime. Fakt ist, dass die Nationalsozialisten in Berlin in freien Wahlen niemals die Mehrheit der Stimmen gewinnen konnten und dass es gleich 1933 zu ersten Aktionen gegen die Diktatur kam. Allerdings blieb es bei einer Minderheit, die sich gegen die Diktatur stellte.<br \/>\nSo unterschiedlich die Widerstandsk\u00e4mpfer und ihre Motiven waren, waren auch ihre Aktionen &#8211; auch in Berlin. Heute sind viele dieser bekannt, aufgearbeitet und sogar im Stadtbild markiert. Lange sah es aber im geteilten Berlin anders aus. Geteilt war die Stadt, geteilt waren auch die Ansichten \u00fcber den Widerstand gegen das NS-Regime und die Erinnerung an die Widerstandsk\u00e4mpfer.\t<\/p>\n<h2>Vielfalt der Aktionen, der Motiven und der Personen<\/h2>\n<p>Was konnten sie tun? Was haben sie getan? In der Stadtf\u00fchrung gehen wir zu den Orten des Rosenstra\u00dfe-Protestes, bei dem \u201earische\u201c Ehefrauen die Freilassung ihrer M\u00e4nnern und Angeh\u00f6rigen im Februar\/M\u00e4rz 1943 verlangt haben, zum <a href=\"https:\/\/www.museum-blindenwerkstatt.de\/de\/mbow\/\">Museum Blindenwerkstatt Otto Weidt<\/a>, wo der Kleinfabrikant Otto Weidt versuchte, die bei ihm besch\u00e4ftigten j\u00fcdischen Zwangsarbeiter vor der Deportation zu retten. Berlin ist auch die Stadt, wo nach neuen Wegen f\u00fcr ein Ende der Diktatur gesucht wurde. Im Bendlerblock hat Oberst Schenk Graf von Stauffenberg damals mit anderen Verschw\u00f6rern des Milit\u00e4rs und der Opposition das Attentat und den Umsturzversuch des 20. Juli 1944 geplant und zum Teil durchgef\u00fchrt. Weitere Beispiele entdecken Sie in der Stadtf\u00fchrung. <\/p>\n<div class=\"widget-title-border\"><div class=\"widget-title-block\"><\/div><\/div><br \/>\n<div id=\"social-media\">\n\t\t\t\t\t\t<span class=\"h3\">Empfehlen und teilen<\/span>\n\t\t\t\t\t\t<ul>\n\t\t\t\t\t\t\t<li>\n\t\t\t\t\t\t\t\t<img src=\"https:\/\/www.walkberlin.com\/de\/wp-content\/themes\/stylemag\/images\/social-media\/facebook_icon.png\" id=\"facebook\" class=\"socialbtn\" alt=\"\" \/>\n\t\t\t\t\t\t\t<\/li>\n\t\t\t\t\t\t\t<li>\n\t\t\t\t\t\t\t\t<img src=\"https:\/\/www.walkberlin.com\/de\/wp-content\/themes\/stylemag\/images\/social-media\/twitter_icon.png\" id=\"twitter\" class=\"socialbtn\" alt=\"\" \/>\n\t\t\t\t\t\t\t<\/li>\n\t\t\t\t\t\t\t<li>\n\t\t\t\t\t\t\t\t<img src=\"https:\/\/www.walkberlin.com\/de\/wp-content\/themes\/stylemag\/images\/social-media\/googleplus_icon.png\" id=\"googleplus\" class=\"socialbtn\" alt=\"\" \/>\n\t\t\t\t\t\t\t<\/li>\n\t\t\t\t\t\t\t<li>\n\t\t\t\t\t\t\t\t<img src=\"https:\/\/www.walkberlin.com\/de\/wp-content\/themes\/stylemag\/images\/social-media\/pinterest_icon.png\" id=\"pinterest\" class=\"socialbtn\" alt=\"\" \/>\n\t\t\t\t\t\t\t<\/li>\n\t\t\t\t\t\t\t<li>\n\t\t\t\t\t\t\t\t<img src=\"https:\/\/www.walkberlin.com\/de\/wp-content\/themes\/stylemag\/images\/social-media\/whatsapp_icon.png\" id=\"whatsapp\" class=\"socialbtn\" alt=\"\" \/>\n\t\t\t\t\t\t\t<\/li>\n\t\t\t\t\t\t\t<li>\n\t\t\t\t\t\t\t\t<img src=\"https:\/\/www.walkberlin.com\/de\/wp-content\/themes\/stylemag\/images\/social-media\/email_icon.png\" id=\"email\" class=\"socialbtn\" alt=\"\" \/>\n\t\t\t\t\t\t\t<\/li>\n\t\t\t\t\t\t<\/ul>\n\t\t\t\t\t\t<\/div>\n\t\t\t\t\t\t\t<div class=\"widget-title-border\">\n\t\t\t\t\t\t<div class=\"widget-title-block\"><\/div>\n\t\t\t\t\t<\/div>","protected":false},"excerpt":{"rendered":"<p>In den 20er Jahren war Berlin multikulturell, politisch \u201erot\u201c und avantgardistisch. 1933 wurde Berlin zur Hauptstadt des \u201eDritten Reiches\u201c aber auch zum Ort des Widerstandes gegen das nationalsozialistische Regime. Heute noch sind Spuren dieser Zeit in Berlin zu sehen. Denkm\u00e4ler und Gedenkst\u00e4tten erinnern daran \u2013 wer, wie und wo Widerstand geleistet wurde. Attentate, Flugbl\u00e4tter, Hilfe<\/p>\n","protected":false},"author":2,"featured_media":737,"parent":8,"menu_order":3,"comment_status":"closed","ping_status":"closed","template":"","meta":[],"_links":{"self":[{"href":"https:\/\/www.walkberlin.com\/de\/wp-json\/wp\/v2\/pages\/2132"}],"collection":[{"href":"https:\/\/www.walkberlin.com\/de\/wp-json\/wp\/v2\/pages"}],"about":[{"href":"https:\/\/www.walkberlin.com\/de\/wp-json\/wp\/v2\/types\/page"}],"author":[{"embeddable":true,"href":"https:\/\/www.walkberlin.com\/de\/wp-json\/wp\/v2\/users\/2"}],"replies":[{"embeddable":true,"href":"https:\/\/www.walkberlin.com\/de\/wp-json\/wp\/v2\/comments?post=2132"}],"version-history":[{"count":13,"href":"https:\/\/www.walkberlin.com\/de\/wp-json\/wp\/v2\/pages\/2132\/revisions"}],"predecessor-version":[{"id":2411,"href":"https:\/\/www.walkberlin.com\/de\/wp-json\/wp\/v2\/pages\/2132\/revisions\/2411"}],"up":[{"embeddable":true,"href":"https:\/\/www.walkberlin.com\/de\/wp-json\/wp\/v2\/pages\/8"}],"wp:featuredmedia":[{"embeddable":true,"href":"https:\/\/www.walkberlin.com\/de\/wp-json\/wp\/v2\/media\/737"}],"wp:attachment":[{"href":"https:\/\/www.walkberlin.com\/de\/wp-json\/wp\/v2\/media?parent=2132"}],"curies":[{"name":"wp","href":"https:\/\/api.w.org\/{rel}","templated":true}]}}