{"id":413,"date":"2013-07-01T13:05:28","date_gmt":"2013-07-01T11:05:28","guid":{"rendered":"https:\/\/www.walkberlin.com\/de\/?page_id=413"},"modified":"2019-03-04T15:42:01","modified_gmt":"2019-03-04T13:42:01","slug":"impressum","status":"publish","type":"page","link":"https:\/\/www.walkberlin.com\/de\/impressum\/","title":{"rendered":"Impressum"},"content":{"rendered":"<div class=\"one-third\">\n<p><strong>WalkBerlin &#8211; Stadtf\u00fchrungen an historischen Pl\u00e4tzen in Berlin<\/strong><br \/>\nAnne Lainault<br \/>\nRobert-Koch-Str. 20<br \/>\n16515 Oranienburg<br \/>\nTel: +49 176 55436704<\/p>\n<p>Gerichtsstand: Oranienburg<br \/>\nSteuernummer 053\/268\/06589<\/div>\n<div class=\"two-thirds last-col\">\n<p><strong>Rechtliche Hinweise:<\/strong><br \/>\nJegliche Vervielf\u00e4ltigung oder Weiterverbreitung in jedem Medium als Ganzes oder in Teilen bedarf der schriftlichen Zustimmung von WalkBerlin. Wir \u00fcbernehmen f\u00fcr Inhalte auf von uns verlinkten Seiten keine Verantwortung. Wir distanzieren uns hiermit ausdr\u00fccklich von den Inhalten aller externen Links auf der gesamten Testberichte.de-Homepage inklusive aller Unterseiten.<\/p>\n<p><strong>Haftungsausschluss:<\/strong><br \/>\nEs wird keine Haftung daf\u00fcr \u00fcbernommen, dass alle Angaben zu jeder Zeit vollst\u00e4ndig, richtig und in letzter Aktualit\u00e4t dargestellt sind. Alle auf dieser Website genannten Produktnamen, Produktbezeichnungen und Logos sind eingetragene Warenzeichen und Eigentum der jeweiligen Rechteinhaber.<\/p>\n<p><a href=\"https:\/\/www.walkberlin.com\/de\/datenschutzerklaerung\/\" title=\"Datenschutzerkl\u00e4rung\">Nutzungsbedingungen und Datenschutzrichtlinie<\/a><\/p>\n<p><strong>Bildnachweise<\/strong><br \/>\nFootergrafik \u2013 \u00a9 JiSIGN \u2013 Fotolia.com<br \/>\n<\/div>\n<div id=\"social-media\">\n\t\t\t\t\t\t<span class=\"h3\">Empfehlen und teilen<\/span>\n\t\t\t\t\t\t<ul>\n\t\t\t\t\t\t\t<li>\n\t\t\t\t\t\t\t\t<img src=\"https:\/\/www.walkberlin.com\/de\/wp-content\/themes\/stylemag\/images\/social-media\/facebook_icon.png\" id=\"facebook\" class=\"socialbtn\" alt=\"\" \/>\n\t\t\t\t\t\t\t<\/li>\n\t\t\t\t\t\t\t<li>\n\t\t\t\t\t\t\t\t<img src=\"https:\/\/www.walkberlin.com\/de\/wp-content\/themes\/stylemag\/images\/social-media\/twitter_icon.png\" id=\"twitter\" class=\"socialbtn\" alt=\"\" \/>\n\t\t\t\t\t\t\t<\/li>\n\t\t\t\t\t\t\t<li>\n\t\t\t\t\t\t\t\t<img src=\"https:\/\/www.walkberlin.com\/de\/wp-content\/themes\/stylemag\/images\/social-media\/googleplus_icon.png\" id=\"googleplus\" class=\"socialbtn\" alt=\"\" \/>\n\t\t\t\t\t\t\t<\/li>\n\t\t\t\t\t\t\t<li>\n\t\t\t\t\t\t\t\t<img src=\"https:\/\/www.walkberlin.com\/de\/wp-content\/themes\/stylemag\/images\/social-media\/pinterest_icon.png\" id=\"pinterest\" class=\"socialbtn\" alt=\"\" \/>\n\t\t\t\t\t\t\t<\/li>\n\t\t\t\t\t\t\t<li>\n\t\t\t\t\t\t\t\t<img src=\"https:\/\/www.walkberlin.com\/de\/wp-content\/themes\/stylemag\/images\/social-media\/whatsapp_icon.png\" id=\"whatsapp\" class=\"socialbtn\" alt=\"\" \/>\n\t\t\t\t\t\t\t<\/li>\n\t\t\t\t\t\t\t<li>\n\t\t\t\t\t\t\t\t<img src=\"https:\/\/www.walkberlin.com\/de\/wp-content\/themes\/stylemag\/images\/social-media\/email_icon.png\" id=\"email\" class=\"socialbtn\" alt=\"\" \/>\n\t\t\t\t\t\t\t<\/li>\n\t\t\t\t\t\t<\/ul>\n\t\t\t\t\t\t<\/div>\n\t\t\t\t\t\t\t<div class=\"widget-title-border\">\n\t\t\t\t\t\t<div class=\"widget-title-block\"><\/div>\n\t\t\t\t\t<\/div>","protected":false},"excerpt":{"rendered":"<p>Empfehlen und teilen<\/p>\n","protected":false},"author":1,"featured_media":0,"parent":0,"menu_order":0,"comment_status":"closed","ping_status":"closed","template":"page-templates\/template-full-width.php","meta":[],"_links":{"self":[{"href":"https:\/\/www.walkberlin.com\/de\/wp-json\/wp\/v2\/pages\/413"}],"collection":[{"href":"https:\/\/www.walkberlin.com\/de\/wp-json\/wp\/v2\/pages"}],"about":[{"href":"https:\/\/www.walkberlin.com\/de\/wp-json\/wp\/v2\/types\/page"}],"author":[{"embeddable":true,"href":"https:\/\/www.walkberlin.com\/de\/wp-json\/wp\/v2\/users\/1"}],"replies":[{"embeddable":true,"href":"https:\/\/www.walkberlin.com\/de\/wp-json\/wp\/v2\/comments?post=413"}],"version-history":[{"count":25,"href":"https:\/\/www.walkberlin.com\/de\/wp-json\/wp\/v2\/pages\/413\/revisions"}],"predecessor-version":[{"id":2323,"href":"https:\/\/www.walkberlin.com\/de\/wp-json\/wp\/v2\/pages\/413\/revisions\/2323"}],"wp:attachment":[{"href":"https:\/\/www.walkberlin.com\/de\/wp-json\/wp\/v2\/media?parent=413"}],"curies":[{"name":"wp","href":"https:\/\/api.w.org\/{rel}","templated":true}]}}