{"id":8,"date":"2013-03-31T23:06:40","date_gmt":"2013-03-31T21:06:40","guid":{"rendered":"https:\/\/www.walkberlin.com\/de\/?page_id=8"},"modified":"2022-05-29T10:44:13","modified_gmt":"2022-05-29T08:44:13","slug":"stadtfuehrungen-berlin","status":"publish","type":"page","link":"https:\/\/www.walkberlin.com\/de\/stadtfuehrungen-berlin\/","title":{"rendered":"Stadtf\u00fchrungen in Berlin"},"content":{"rendered":"<p><strong>Willkommen auf WalkBerlin!<\/strong><br \/>\nEntdecken Sie <a href=\"http:\/\/www.berlin.de\/\" target=\"_blank\" rel=\"noopener\">Berlin<\/a>, eine Stadt im Wandel. Mehr als 3,5 Millionen Einwohner, mehr als 750 Jahre Geschichte. Berlin ist eine junge, moderne und multikulturelle Stadt und heute wie fr\u00fcher ein Schauplatz f\u00fcr die aktuellen Entwicklungen. Erleben Sie mit WalkBerlin <strong>eine Stadtf\u00fchrung durch das historische und das aktuelle Berlin<\/strong>.<\/p>\n<div class=\"widget-title-border\"><div class=\"widget-title-block\"><\/div><\/div><br \/>\n\n\t\t\t<div class=\"teaser-container\">\t\n\t\t\t\t<h2><a href=\"https:\/\/www.walkberlin.com\/de\/stadtfuehrungen-berlin\/franzoesische-spuren-berlin\/\" rel=\"bookmark\" title=\"Stadtf\u00fchrungen in Berlin\">Stadtf\u00fchrung Franz\u00f6sische Spuren in Berlin<\/a><\/h2><div class=\"alignright border\"><img src=\"https:\/\/www.walkberlin.com\/de\/wp-content\/uploads\/sites\/2\/2013\/06\/pariserplatz-200x133.jpg\" alt=\"\" \/><\/div><p>\u201eDie Franzosen kommen nach Berlin\u201c. Das hat man ein paar Mal in der deutschen Geschichte erlebt: nach dem Drei\u00dfigj\u00e4hrigen Krieg im 17. Jahrhundert, bei den Napoleonischen Kriegen 1806 oder 1945 mit der Besatzung eines Sektors bis 1994. Die Stadtf\u00fchrung pr\u00e4sentiert die Geschichte einer komplexen und vielschichtigen deutsch-franz\u00f6sischen Beziehung und wie heute noch die Franzosen f\u00fcr Berlin schw\u00e4rmen. <\/p><p><a class=\"btn green\" href=\"https:\/\/www.walkberlin.com\/de\/stadtfuehrungen-berlin\/franzoesische-spuren-berlin\/\">Tourinfomationen &amp; Details<\/a><\/p>\n\t\t\t<\/div>\n\t\t\t<div class=\"clearfix\"><\/div>\n\n\t\t\t<div class=\"teaser-container\">\t\n\t\t\t\t<h2><a href=\"https:\/\/www.walkberlin.com\/de\/stadtfuehrungen-berlin\/hitlers-berlin\/\" rel=\"bookmark\" title=\"Stadtf\u00fchrungen in Berlin\">Stadtf\u00fchrung Hitlers Berlin<\/a><\/h2><div class=\"alignright border\"><img src=\"https:\/\/www.walkberlin.com\/de\/wp-content\/uploads\/sites\/2\/2013\/06\/denkmal-juden-europa-200x133.jpg\" alt=\"\" \/><\/div><p>Ab 1933 verwandelte Adolf Hitler Deutschland in eine nationalsozialistische Diktatur. Berlin, die neue Reichshauptstadt, wurde insbesondere als Ort des NS-Regimes aber auch als Ort des Widerstands gegen die \u201ebraune Macht\u201c in seiner Geschichte und in seiner Architektur stark ver\u00e4ndert. In der Stadtf\u00fchrung gehen wir auf die Spuren des ehemaligen \u201eGermania\u201c zu den wichtigsten Stationen sowohl des NS-Staatsapparates als auch des Widerstands gegen die NS-Macht.<\/p><p><a class=\"btn green\" href=\"https:\/\/www.walkberlin.com\/de\/stadtfuehrungen-berlin\/hitlers-berlin\/\">Tourinfomationen &amp; Details<\/a><\/p>\n\t\t\t<\/div>\n\t\t\t<div class=\"clearfix\"><\/div>\n\n\t\t\t<div class=\"teaser-container\">\t\n\t\t\t\t<h2><a href=\"https:\/\/www.walkberlin.com\/de\/stadtfuehrungen-berlin\/berliner-mauer\/\" rel=\"bookmark\" title=\"Stadtf\u00fchrungen in Berlin\">Stadtf\u00fchrung Berliner Mauer<\/a><\/h2><div class=\"alignright border\"><img src=\"https:\/\/www.walkberlin.com\/de\/wp-content\/uploads\/sites\/2\/2013\/03\/Berliner-Mauer-200x133.jpg\" alt=\"\" \/><\/div><p>Mit dem Bau der Mauer am Abend des 12. August 1961 \u00e4nderte sich das Schicksal von Millionen Berlinern in einer Nacht \u2013 f\u00fcr fast 30 Jahre. Auch in einer Nacht am 9. November 1989 ist sie gefallen. In dieser Stadtf\u00fchrung begeben wir uns auf die Spuren der Berliner Mauer vom Nordbahnhof bis zur Bernauer Stra\u00dfe. Erz\u00e4hlt wird die Geschichte des Widerstands der Bev\u00f6lkerung gegen das DDR-Regime, der gelungenen und misslungenen Fluchtversuchen und der Mauer, Symbol des Kalten Krieges.\r\n<\/p><p><a class=\"btn green\" href=\"https:\/\/www.walkberlin.com\/de\/stadtfuehrungen-berlin\/berliner-mauer\/\">Tourinfomationen &amp; Details<\/a><\/p>\n\t\t\t<\/div>\n\t\t\t<div class=\"clearfix\"><\/div>\n<div class=\"widget-title-border\"><div class=\"widget-title-block\"><\/div><\/div><br \/>\n\n\t\t\t<div class=\"teaser-container\">\t\n\t\t\t\t<h2><a href=\"https:\/\/www.walkberlin.com\/de\/stadtfuehrungen-berlin\/deutsche-widerstand-gegen-nationalsozialismus\/\" rel=\"bookmark\" title=\"Stadtf\u00fchrungen in Berlin\">Der deutsche Widerstand gegen den Nationalsozialismus<\/a><\/h2><div class=\"alignright border\"><img src=\"https:\/\/www.walkberlin.com\/de\/wp-content\/uploads\/sites\/2\/2013\/08\/widerstand-200x133.jpg\" alt=\"\" \/><\/div><p>Proteste, Flugbl\u00e4tteraktionen, Verfolgten helfen, Attentate, Umsturzversuche, solche Widerstandsaktionen gegen das nationalsozialistische Regime gab es auch in Berlin. Mehr \u00fcber diese Gruppen erfahren Sie in der Stadtf\u00fchrung.<\/p><p><a class=\"btn green\" href=\"https:\/\/www.walkberlin.com\/de\/stadtfuehrungen-berlin\/deutsche-widerstand-gegen-nationalsozialismus\/\">Tourinfomationen &amp; Details<\/a><\/p>\n\t\t\t<\/div>\n\t\t\t<div class=\"clearfix\"><\/div>\n\n\t\t\t<div class=\"teaser-container\">\t\n\t\t\t\t<h2><a href=\"https:\/\/www.walkberlin.com\/de\/individuelle-stadtfuehrungen\/\" rel=\"bookmark\" title=\"Stadtf\u00fchrungen in Berlin\">Stadtf\u00fchrungen nach Wunsch<\/a><\/h2><div class=\"alignright border\"><img src=\"https:\/\/www.walkberlin.com\/de\/wp-content\/uploads\/sites\/2\/2014\/01\/IMG_0700-200x133.jpg\" alt=\"\" \/><\/div><p>Sie wollen als private Gruppe eine unserer regul\u00e4ren Touren erleben? Eine Tour \u00e0 la Carte? Oder Sie interessieren sich f\u00fcr ein ganz anderes Thema? Gruppen, Firmen und Schulklassen haben die M\u00f6glichkeit, individuelle und private Stadtf\u00fchrungen mit WalkBerlin zu erleben. Sie bestimmen das Thema, die Dauer und den Wunschtermin und den Rest \u00fcbernehmen wir.<\/p><p><a class=\"btn green\" href=\"https:\/\/www.walkberlin.com\/de\/individuelle-stadtfuehrungen\/\">Tourinfomationen &amp; Details<\/a><\/p>\n\t\t\t<\/div>\n\t\t\t<div class=\"clearfix\"><\/div>\n\n\t\t\t<div class=\"teaser-container\">\t\n\t\t\t\t<h2><a href=\"https:\/\/www.walkberlin.com\/de\/schulklassen\/\" rel=\"bookmark\" title=\"Stadtf\u00fchrungen in Berlin\">Stadtf\u00fchrungen f\u00fcr Schulklassen<\/a><\/h2><div class=\"alignright border\"><img src=\"https:\/\/www.walkberlin.com\/de\/wp-content\/uploads\/sites\/2\/2014\/01\/P1110812-200x133.jpg\" alt=\"\" \/><\/div><p>Unsere Stadtf\u00fchrungen sind auch besonders f\u00fcr Schulklassen geeignet. WalkBerlin bietet spannende, informative und zielgruppengerechte Touren an. Unser Motto: Berlin im Wandel \u2013 damals und heute. Mit den regul\u00e4ren Touren und den Touren \u00e0 la Carte erleben Sie, wie Geschichte lebendig wird.<\/p><p><a class=\"btn green\" href=\"https:\/\/www.walkberlin.com\/de\/schulklassen\/\">Tourinfomationen &amp; Details<\/a><\/p>\n\t\t\t<\/div>\n\t\t\t<div class=\"clearfix\"><\/div>\n<div id=\"social-media\">\n\t\t\t\t\t\t<span class=\"h3\">Empfehlen und teilen<\/span>\n\t\t\t\t\t\t<ul>\n\t\t\t\t\t\t\t<li>\n\t\t\t\t\t\t\t\t<img src=\"https:\/\/www.walkberlin.com\/de\/wp-content\/themes\/stylemag\/images\/social-media\/facebook_icon.png\" id=\"facebook\" class=\"socialbtn\" alt=\"\" \/>\n\t\t\t\t\t\t\t<\/li>\n\t\t\t\t\t\t\t<li>\n\t\t\t\t\t\t\t\t<img src=\"https:\/\/www.walkberlin.com\/de\/wp-content\/themes\/stylemag\/images\/social-media\/twitter_icon.png\" id=\"twitter\" class=\"socialbtn\" alt=\"\" \/>\n\t\t\t\t\t\t\t<\/li>\n\t\t\t\t\t\t\t<li>\n\t\t\t\t\t\t\t\t<img src=\"https:\/\/www.walkberlin.com\/de\/wp-content\/themes\/stylemag\/images\/social-media\/googleplus_icon.png\" id=\"googleplus\" class=\"socialbtn\" alt=\"\" \/>\n\t\t\t\t\t\t\t<\/li>\n\t\t\t\t\t\t\t<li>\n\t\t\t\t\t\t\t\t<img src=\"https:\/\/www.walkberlin.com\/de\/wp-content\/themes\/stylemag\/images\/social-media\/pinterest_icon.png\" id=\"pinterest\" class=\"socialbtn\" alt=\"\" \/>\n\t\t\t\t\t\t\t<\/li>\n\t\t\t\t\t\t\t<li>\n\t\t\t\t\t\t\t\t<img src=\"https:\/\/www.walkberlin.com\/de\/wp-content\/themes\/stylemag\/images\/social-media\/whatsapp_icon.png\" id=\"whatsapp\" class=\"socialbtn\" alt=\"\" \/>\n\t\t\t\t\t\t\t<\/li>\n\t\t\t\t\t\t\t<li>\n\t\t\t\t\t\t\t\t<img src=\"https:\/\/www.walkberlin.com\/de\/wp-content\/themes\/stylemag\/images\/social-media\/email_icon.png\" id=\"email\" class=\"socialbtn\" alt=\"\" \/>\n\t\t\t\t\t\t\t<\/li>\n\t\t\t\t\t\t<\/ul>\n\t\t\t\t\t\t<\/div>\n\t\t\t\t\t\t\t<div class=\"widget-title-border\">\n\t\t\t\t\t\t<div class=\"widget-title-block\"><\/div>\n\t\t\t\t\t<\/div>","protected":false},"excerpt":{"rendered":"<p>Willkommen auf WalkBerlin! Entdecken Sie Berlin, eine Stadt im Wandel. Mehr als 3,5 Millionen Einwohner, mehr als 750 Jahre Geschichte. Berlin ist eine junge, moderne und multikulturelle Stadt und heute wie fr\u00fcher ein Schauplatz f\u00fcr die aktuellen Entwicklungen. Erleben Sie mit WalkBerlin eine Stadtf\u00fchrung durch das historische und das aktuelle Berlin. Empfehlen und teilen<\/p>\n","protected":false},"author":1,"featured_media":0,"parent":0,"menu_order":1,"comment_status":"closed","ping_status":"closed","template":"","meta":[],"_links":{"self":[{"href":"https:\/\/www.walkberlin.com\/de\/wp-json\/wp\/v2\/pages\/8"}],"collection":[{"href":"https:\/\/www.walkberlin.com\/de\/wp-json\/wp\/v2\/pages"}],"about":[{"href":"https:\/\/www.walkberlin.com\/de\/wp-json\/wp\/v2\/types\/page"}],"author":[{"embeddable":true,"href":"https:\/\/www.walkberlin.com\/de\/wp-json\/wp\/v2\/users\/1"}],"replies":[{"embeddable":true,"href":"https:\/\/www.walkberlin.com\/de\/wp-json\/wp\/v2\/comments?post=8"}],"version-history":[{"count":70,"href":"https:\/\/www.walkberlin.com\/de\/wp-json\/wp\/v2\/pages\/8\/revisions"}],"predecessor-version":[{"id":2408,"href":"https:\/\/www.walkberlin.com\/de\/wp-json\/wp\/v2\/pages\/8\/revisions\/2408"}],"wp:attachment":[{"href":"https:\/\/www.walkberlin.com\/de\/wp-json\/wp\/v2\/media?parent=8"}],"curies":[{"name":"wp","href":"https:\/\/api.w.org\/{rel}","templated":true}]}}