{"id":101,"date":"2013-06-03T14:16:57","date_gmt":"2013-06-03T12:16:57","guid":{"rendered":"https:\/\/www.walkberlin.com\/fr\/?page_id=101"},"modified":"2021-10-04T17:40:20","modified_gmt":"2021-10-04T15:40:20","slug":"berlin-et-les-francais","status":"publish","type":"page","link":"https:\/\/www.walkberlin.com\/fr\/visites-guidees-privees-berlin\/berlin-et-les-francais\/","title":{"rendered":"Visite guid\u00e9e : Berlin et les Fran\u00e7ais"},"content":{"rendered":"<p><a href=\"https:\/\/www.walkberlin.com\/fr\/wp-content\/uploads\/sites\/3\/2013\/06\/pariserplatz.jpg\"><img loading=\"lazy\" width=\"1024\" height=\"683\" src=\"https:\/\/www.walkberlin.com\/fr\/wp-content\/uploads\/sites\/3\/2013\/06\/pariserplatz.jpg\" alt=\"Pariser Platz - Porte de Brandebourg, Berlin\" title=\"Pariser Platz - Porte de Brandebourg, Berlin\" class=\"alignnone size-full wp-image-182\" srcset=\"https:\/\/www.walkberlin.com\/fr\/wp-content\/uploads\/sites\/3\/2013\/06\/pariserplatz.jpg 1024w, https:\/\/www.walkberlin.com\/fr\/wp-content\/uploads\/sites\/3\/2013\/06\/pariserplatz-300x200.jpg 300w, https:\/\/www.walkberlin.com\/fr\/wp-content\/uploads\/sites\/3\/2013\/06\/pariserplatz-100x66.jpg 100w, https:\/\/www.walkberlin.com\/fr\/wp-content\/uploads\/sites\/3\/2013\/06\/pariserplatz-330x220.jpg 330w, https:\/\/www.walkberlin.com\/fr\/wp-content\/uploads\/sites\/3\/2013\/06\/pariserplatz-200x133.jpg 200w\" sizes=\"(max-width: 1024px) 100vw, 1024px\" \/><\/a><\/p>\n<h2>Visite guid\u00e9e&nbsp;:&nbsp;Berlin et les Fran\u00e7ais, une longue histoire<\/h2>\n<p>Depuis plus de 300 ans, l&#8217;histoire de Berlin est \u00e9troitement li\u00e9e \u00e0 celle des Fran\u00e7ais. Des Huguenots \u00e0 la fin du 17\u00e8me si\u00e8cle aux troupes de l&#8217;arm\u00e9e fran\u00e7aise occupant Berlin \u00e0 la fin de la Seconde guerre mondiale, en passant par les troupes napol\u00e9oniennes au d\u00e9but du 19\u00e8me si\u00e8cle, puis les artistes, journalistes, restaurateurs et autres venus s&#8217;installer \u00e0 Berlin apr\u00e8s la chute du Mur de Berlin, les exemples ne manquent pas, confirmant les \u00e9changes au fil des si\u00e8cles et impr\u00e9gnant l&#8217;image de la ville. <\/p>\n<p>Fin du 17\u00e8me si\u00e8cle, Louis XIV r\u00e9voque l&#8217;\u00c9dit de Nantes. Pour les protestants fran\u00e7ais, cela signifie l&#8217;interdiction de vivre leur religion et donc le risque de s&#8217;exposer aux pers\u00e9cutions orchestr\u00e9es par la monarchie. Le prince-\u00e9lecteur de Prusse propose aux protestants fran\u00e7ais une terre d&#8217;accueil \u00e0 Berlin et dans le Brandebourg. Pers\u00e9cut\u00e9s dans leur pays, beaucoup suivent cet appel et viennent s&#8217;installer en Prusse&nbsp;:&nbsp;20.000 en Brandebourg, 6000 \u00e0 Berlin. La culture, la science et l&#8217;\u00e9conomie prussiennes ont profit\u00e9 du savoir-faire des huguenots. <\/p>\n<p>A l&#8217;\u00e9t\u00e9 1945, la France obtient un secteur d&#8217;occupation \u00e0 Berlin&nbsp;:&nbsp;Reinickendorf-Wedding \u2013 non loin du quartier o\u00f9 s&#8217;\u00e9taient d\u00e9j\u00e0 install\u00e9s les Huguenots. D\u00e8s les ann\u00e9es 1960, des manifestations culturelles et sportives comme la f\u00eate franco-allemande, le marathon, les r\u00e9unions franco-allemandes ou le bal du 14 juillet ont contribu\u00e9 au rapprochement entre Fran\u00e7ais et Berlinois. La vie dans la garnison s&#8217;organisa autour du Quartier Napol\u00e9on et de la Cit\u00e9 Foch. <\/p>\n<p>1994, c&#8217;est le retrait des troupes fran\u00e7aises mais ce n&#8217;est pas la fin des \u00e9changes entre Fran\u00e7ais et Berlinois. Beaucoup sont rest\u00e9s, ont fond\u00e9 une famille \u00e0 Berlin, beaucoup se sont install\u00e9s \u00e0 Berlin apr\u00e8s la chute du Mur de Berlin. Aujourd&#8217;hui, l&#8217;Institut fran\u00e7ais, le centre culturel ou le lyc\u00e9e fran\u00e7ais, les cin\u00e9mas et restaurants fran\u00e7ais t\u00e9moignent de cette vie franco-allemande. <\/p>\n<p>D\u00e9couvrez l&#8217;histoire des Fran\u00e7ais \u00e0 Berlin dans la visite priv\u00e9e \u00ab&nbsp;Berlin et les Fran\u00e7ais&nbsp;\u00bb des Huguenots aux Alli\u00e9s, de la <strong>Pariser Platz<\/strong> au c\u00e9l\u00e8bre <\/strong>Checkpoint Charlie<\/strong> en passant par la <strong>place du <a href=\"https:\/\/www.walkberlin.com\/fr\/le-gendarmenmarkt\/\" target=\"_blank\" rel=\"noopener\">Gendarmenmarkt<\/a><\/strong>.<br id=\"register\" \/><\/p>\n<div class=\"msg default clearfix\"><p> Cette visite n&#8217;est pas propos\u00e9e actuellement. Merci de votre compr\u00e9hension. <\/p><\/div>\n<div id=\"social-media\">\n\t\t\t\t\t\t<span class=\"h3\">Partager<\/span>\n\t\t\t\t\t\t<ul>\n\t\t\t\t\t\t\t<li>\n\t\t\t\t\t\t\t\t<img src=\"https:\/\/www.walkberlin.com\/fr\/wp-content\/themes\/stylemag\/images\/social-media\/facebook_icon.png\" id=\"facebook\" class=\"socialbtn\" alt=\"\" \/>\n\t\t\t\t\t\t\t<\/li>\n\t\t\t\t\t\t\t<li>\n\t\t\t\t\t\t\t\t<img src=\"https:\/\/www.walkberlin.com\/fr\/wp-content\/themes\/stylemag\/images\/social-media\/twitter_icon.png\" id=\"twitter\" class=\"socialbtn\" alt=\"\" \/>\n\t\t\t\t\t\t\t<\/li>\n\t\t\t\t\t\t\t<li>\n\t\t\t\t\t\t\t\t<img src=\"https:\/\/www.walkberlin.com\/fr\/wp-content\/themes\/stylemag\/images\/social-media\/googleplus_icon.png\" id=\"googleplus\" class=\"socialbtn\" alt=\"\" \/>\n\t\t\t\t\t\t\t<\/li>\n\t\t\t\t\t\t\t<li>\n\t\t\t\t\t\t\t\t<img src=\"https:\/\/www.walkberlin.com\/fr\/wp-content\/themes\/stylemag\/images\/social-media\/pinterest_icon.png\" id=\"pinterest\" class=\"socialbtn\" alt=\"\" \/>\n\t\t\t\t\t\t\t<\/li>\n\t\t\t\t\t\t\t<li>\n\t\t\t\t\t\t\t\t<img src=\"https:\/\/www.walkberlin.com\/fr\/wp-content\/themes\/stylemag\/images\/social-media\/whatsapp_icon.png\" id=\"whatsapp\" class=\"socialbtn\" alt=\"\" \/>\n\t\t\t\t\t\t\t<\/li>\n\t\t\t\t\t\t\t<li>\n\t\t\t\t\t\t\t\t<img src=\"https:\/\/www.walkberlin.com\/fr\/wp-content\/themes\/stylemag\/images\/social-media\/email_icon.png\" id=\"email\" class=\"socialbtn\" alt=\"\" \/>\n\t\t\t\t\t\t\t<\/li>\n\t\t\t\t\t\t<\/ul>\n\t\t\t\t\t\t<\/div>\n\t\t\t\t\t\t\t<div class=\"widget-title-border\">\n\t\t\t\t\t\t<div class=\"widget-title-block\"><\/div>\n\t\t\t\t\t<\/div>","protected":false},"excerpt":{"rendered":"<p>Visite guid\u00e9e&nbsp;:&nbsp;Berlin et les Fran\u00e7ais, une longue histoire Depuis plus de 300 ans, l&#8217;histoire de Berlin est \u00e9troitement li\u00e9e \u00e0 celle des Fran\u00e7ais. Des Huguenots \u00e0 la fin du 17\u00e8me si\u00e8cle aux troupes de l&#8217;arm\u00e9e fran\u00e7aise occupant Berlin \u00e0 la fin de la Seconde guerre mondiale, en passant par les troupes napol\u00e9oniennes au d\u00e9but du<\/p>\n","protected":false},"author":2,"featured_media":182,"parent":2,"menu_order":3,"comment_status":"closed","ping_status":"closed","template":"","meta":[],"_links":{"self":[{"href":"https:\/\/www.walkberlin.com\/fr\/wp-json\/wp\/v2\/pages\/101"}],"collection":[{"href":"https:\/\/www.walkberlin.com\/fr\/wp-json\/wp\/v2\/pages"}],"about":[{"href":"https:\/\/www.walkberlin.com\/fr\/wp-json\/wp\/v2\/types\/page"}],"author":[{"embeddable":true,"href":"https:\/\/www.walkberlin.com\/fr\/wp-json\/wp\/v2\/users\/2"}],"replies":[{"embeddable":true,"href":"https:\/\/www.walkberlin.com\/fr\/wp-json\/wp\/v2\/comments?post=101"}],"version-history":[{"count":74,"href":"https:\/\/www.walkberlin.com\/fr\/wp-json\/wp\/v2\/pages\/101\/revisions"}],"predecessor-version":[{"id":3201,"href":"https:\/\/www.walkberlin.com\/fr\/wp-json\/wp\/v2\/pages\/101\/revisions\/3201"}],"up":[{"embeddable":true,"href":"https:\/\/www.walkberlin.com\/fr\/wp-json\/wp\/v2\/pages\/2"}],"wp:featuredmedia":[{"embeddable":true,"href":"https:\/\/www.walkberlin.com\/fr\/wp-json\/wp\/v2\/media\/182"}],"wp:attachment":[{"href":"https:\/\/www.walkberlin.com\/fr\/wp-json\/wp\/v2\/media?parent=101"}],"curies":[{"name":"wp","href":"https:\/\/api.w.org\/{rel}","templated":true}]}}