{"id":1820,"date":"2015-02-09T17:16:28","date_gmt":"2015-02-09T15:16:28","guid":{"rendered":"https:\/\/www.walkberlin.com\/fr\/?page_id=1820"},"modified":"2022-05-24T22:07:28","modified_gmt":"2022-05-24T20:07:28","slug":"decouverte-de-berlin-incontournables","status":"publish","type":"page","link":"https:\/\/www.walkberlin.com\/fr\/visites-guidees-de-berlin\/decouverte-de-berlin-incontournables\/","title":{"rendered":"Visite guid\u00e9e : D\u00e9couverte de Berlin"},"content":{"rendered":"<div class=\"alignleft border\"><img loading=\"lazy\" width=\"300\" height=\"200\" class=\"size-medium wp-image-1832\" src=\"https:\/\/www.walkberlin.com\/fr\/wp-content\/uploads\/sites\/3\/2015\/02\/Pariserplatz_WB-300x200.jpg\" alt=\"Pariser Platz, Porte de Brandebourg\" srcset=\"https:\/\/www.walkberlin.com\/fr\/wp-content\/uploads\/sites\/3\/2015\/02\/Pariserplatz_WB-300x200.jpg 300w, https:\/\/www.walkberlin.com\/fr\/wp-content\/uploads\/sites\/3\/2015\/02\/Pariserplatz_WB-100x66.jpg 100w, https:\/\/www.walkberlin.com\/fr\/wp-content\/uploads\/sites\/3\/2015\/02\/Pariserplatz_WB-680x450.jpg 680w, https:\/\/www.walkberlin.com\/fr\/wp-content\/uploads\/sites\/3\/2015\/02\/Pariserplatz_WB-330x220.jpg 330w, https:\/\/www.walkberlin.com\/fr\/wp-content\/uploads\/sites\/3\/2015\/02\/Pariserplatz_WB-200x133.jpg 200w, https:\/\/www.walkberlin.com\/fr\/wp-content\/uploads\/sites\/3\/2015\/02\/Pariserplatz_WB.jpg 1024w\" sizes=\"(max-width: 300px) 100vw, 300px\" \/><\/div>\n<p>Vous \u00eates pour la 1\u00e8re fois \u00e0 Berlin et souhaitez un premier rep\u00e9rage\u00a0?\u00a0La <strong>visite guid\u00e9e : D\u00e9couverte de Berlin &#8211; nos incontournables<\/strong> est faite pour vous\u00a0!\u00a0WalkBerlin vous propose de partir \u00e0 la d\u00e9couverte du centre historique en 3 heures\u00a0:\u00a0depuis la <strong>Porte de Brandebourg<\/strong>, nous rejoignons les principaux sites de Mitte comme le <strong>M\u00e9morial de l&#8217;Holocauste<\/strong>, les restes du <strong>mur de Berlin<\/strong> dans la Niederkirchnerstra\u00dfe, <strong>Checkpoint Charlie<\/strong> et terminons le tour sur le <strong>Gendarmenmarkt<\/strong>. Un tour <strong>d\u00e9couverte du centre historique de Berlin et de ses incontournables en 3 heures<\/strong>.<br \/>\n<div class=\"widget-title-border\"><div class=\"widget-title-block\"><\/div><\/div><br \/>\n<h2>Highlights<\/h2>\n<div class=\"one-half\">\n<ul class=\"list3\">\n<li>Visite guid\u00e9e en groupe<\/li>\n<li>Ticket gratuit pour les moins de 12 ans<\/li>\n<li>Petit groupe : 8 \u00e0 10 personnes<\/li>\n<\/ul>\n<\/div>\n<div class=\"one-half last-col\">\n<ul class=\"list3\">\n<li>Histoire du centre historique de Berlin<\/li>\n<li>Porte de Brandebourg, M\u00e9morial de l&#8217;Holocauste<\/li>\n<li>Checkpoint Charlie, Gendarmenmarkt<\/li>\n<\/ul>\n<\/div>\n<div class=\"clearfix\"><\/div>\n<div class=\"widget-title-border\"><div class=\"widget-title-block\"><\/div><\/div><br \/>\n<h2>Informations sur le tour<\/h2>\n<div class=\"one-half\">\n<ul class=\"list1\">\n<li>Visite guid\u00e9e en Fran\u00e7ais<\/li>\n<li>Visite panoramique<\/li>\n<!-- &#091;li&#093;Le samedi \u00e0 14 heures&#091;\/li&#093; --><br \/>\n<li>Dur\u00e9e : 3 heures environ<\/li>\n<li>Visite guid\u00e9e \u00e0 pied ; distance parcourue : 4 km<\/li>\n<li>Rendez-vous : Point Info Touriste au pied de la Porte de Brandebourg, Pariser Platz<\/li>\n<!-- &#091;li&#093;Adultes : 20,00 \u20ac ; <a href=\"https:\/\/www.walkberlin.com\/fr\/a-propos\/tarifs\/\" target=\"_blank\" rel=\"noopener noreferrer\">tarif r\u00e9duit<\/a> : 15,00 \u20ac&#091;\/li&#093; --><br \/>\n<\/ul>\n<\/div>\n<div class=\"one-half last-col\">\n<p><strong>Cette visite n&#8217;est plus propos\u00e9e. Merci de votre compr\u00e9hension.<\/strong> <\/p>\n<p><!--\n<strong>Achat des tickets et r\u00e9servation en ligne<\/strong>\nR\u00e9servation en ligne ou par t\u00e9l\u00e9phone au +49 176 55 43 67 04 au plus tard le vendredi 18 heures.\n\nMerci de r\u00e9server en ligne pour participer \u00e0 la visite guid\u00e9e. La visite hebdomadaire est annul\u00e9e s'il y a moins de 5 adultes inscrits \u00e0 la visite. <strong>R\u00e9servez en toute s\u00e9curit\u00e9 sur le site de notre partenaire Eventbrite<\/strong>.\n\n\n<a class=\"btn green big\" href=\"https:\/\/www.walkberlin.com\/fr\/out\/?url=uggcf:||jjj{|}riragoevgr{|}qr|r|ovyyrgf-ivfvgr-thvqrr-qrpbhiregr-qr-oreyva-abf-vapbagbheanoyrf-15691017255?ers=roncv\" target=\"_blank\" rel=\"noopener noreferrer\">Tickets et r\u00e9servation<\/a>\n--><br \/>\n<\/div>\n<div class=\"clearfix\"><\/div>\n<div class=\"widget-title-border\"><div class=\"widget-title-block\"><\/div><\/div><br \/>\n<div id=\"social-media\">\n\t\t\t\t\t\t<span class=\"h3\">Partager<\/span>\n\t\t\t\t\t\t<ul>\n\t\t\t\t\t\t\t<li>\n\t\t\t\t\t\t\t\t<img src=\"https:\/\/www.walkberlin.com\/fr\/wp-content\/themes\/stylemag\/images\/social-media\/facebook_icon.png\" id=\"facebook\" class=\"socialbtn\" alt=\"\" \/>\n\t\t\t\t\t\t\t<\/li>\n\t\t\t\t\t\t\t<li>\n\t\t\t\t\t\t\t\t<img src=\"https:\/\/www.walkberlin.com\/fr\/wp-content\/themes\/stylemag\/images\/social-media\/twitter_icon.png\" id=\"twitter\" class=\"socialbtn\" alt=\"\" \/>\n\t\t\t\t\t\t\t<\/li>\n\t\t\t\t\t\t\t<li>\n\t\t\t\t\t\t\t\t<img src=\"https:\/\/www.walkberlin.com\/fr\/wp-content\/themes\/stylemag\/images\/social-media\/googleplus_icon.png\" id=\"googleplus\" class=\"socialbtn\" alt=\"\" \/>\n\t\t\t\t\t\t\t<\/li>\n\t\t\t\t\t\t\t<li>\n\t\t\t\t\t\t\t\t<img src=\"https:\/\/www.walkberlin.com\/fr\/wp-content\/themes\/stylemag\/images\/social-media\/pinterest_icon.png\" id=\"pinterest\" class=\"socialbtn\" alt=\"\" \/>\n\t\t\t\t\t\t\t<\/li>\n\t\t\t\t\t\t\t<li>\n\t\t\t\t\t\t\t\t<img src=\"https:\/\/www.walkberlin.com\/fr\/wp-content\/themes\/stylemag\/images\/social-media\/whatsapp_icon.png\" id=\"whatsapp\" class=\"socialbtn\" alt=\"\" \/>\n\t\t\t\t\t\t\t<\/li>\n\t\t\t\t\t\t\t<li>\n\t\t\t\t\t\t\t\t<img src=\"https:\/\/www.walkberlin.com\/fr\/wp-content\/themes\/stylemag\/images\/social-media\/email_icon.png\" id=\"email\" class=\"socialbtn\" alt=\"\" \/>\n\t\t\t\t\t\t\t<\/li>\n\t\t\t\t\t\t<\/ul>\n\t\t\t\t\t\t<\/div>\n\t\t\t\t\t\t\t<div class=\"widget-title-border\">\n\t\t\t\t\t\t<div class=\"widget-title-block\"><\/div>\n\t\t\t\t\t<\/div>","protected":false},"excerpt":{"rendered":"<p>Vous \u00eates pour la 1\u00e8re fois \u00e0 Berlin et souhaitez un premier rep\u00e9rage\u00a0?\u00a0La visite guid\u00e9e : D\u00e9couverte de Berlin &#8211; nos incontournables est faite pour vous\u00a0!\u00a0WalkBerlin vous propose de partir \u00e0 la d\u00e9couverte du centre historique en 3 heures\u00a0:\u00a0depuis la Porte de Brandebourg, nous rejoignons les principaux sites de Mitte comme le M\u00e9morial de l&#8217;Holocauste,<\/p>\n","protected":false},"author":2,"featured_media":1832,"parent":13,"menu_order":1,"comment_status":"closed","ping_status":"open","template":"","meta":[],"_links":{"self":[{"href":"https:\/\/www.walkberlin.com\/fr\/wp-json\/wp\/v2\/pages\/1820"}],"collection":[{"href":"https:\/\/www.walkberlin.com\/fr\/wp-json\/wp\/v2\/pages"}],"about":[{"href":"https:\/\/www.walkberlin.com\/fr\/wp-json\/wp\/v2\/types\/page"}],"author":[{"embeddable":true,"href":"https:\/\/www.walkberlin.com\/fr\/wp-json\/wp\/v2\/users\/2"}],"replies":[{"embeddable":true,"href":"https:\/\/www.walkberlin.com\/fr\/wp-json\/wp\/v2\/comments?post=1820"}],"version-history":[{"count":63,"href":"https:\/\/www.walkberlin.com\/fr\/wp-json\/wp\/v2\/pages\/1820\/revisions"}],"predecessor-version":[{"id":3242,"href":"https:\/\/www.walkberlin.com\/fr\/wp-json\/wp\/v2\/pages\/1820\/revisions\/3242"}],"up":[{"embeddable":true,"href":"https:\/\/www.walkberlin.com\/fr\/wp-json\/wp\/v2\/pages\/13"}],"wp:featuredmedia":[{"embeddable":true,"href":"https:\/\/www.walkberlin.com\/fr\/wp-json\/wp\/v2\/media\/1832"}],"wp:attachment":[{"href":"https:\/\/www.walkberlin.com\/fr\/wp-json\/wp\/v2\/media?parent=1820"}],"curies":[{"name":"wp","href":"https:\/\/api.w.org\/{rel}","templated":true}]}}