{"id":2024,"date":"2015-06-14T18:31:08","date_gmt":"2015-06-14T16:31:08","guid":{"rendered":"https:\/\/www.walkberlin.com\/fr\/?page_id=2024"},"modified":"2020-01-07T20:02:58","modified_gmt":"2020-01-07T18:02:58","slug":"faq","status":"publish","type":"page","link":"https:\/\/www.walkberlin.com\/fr\/faq\/","title":{"rendered":"F.A.Q."},"content":{"rendered":"<h2 id=\"les-visites-guidees-de-walkberlin\">Les visites guid\u00e9es de WalkBerlin :<\/h2>\n<p><strong id=\"est-ce-que-walkberlin-propose-des-visites-guidees-en-francais\">Est-ce que WalkBerlin propose des visites guid\u00e9es en Fran\u00e7ais ?<\/strong><br \/>\nOui. WalkBerlin propose des visites guid\u00e9es en Allemand et en Fran\u00e7ais. Voici la pr\u00e9sentation de nos <a href=\"https:\/\/www.walkberlin.com\/fr\/\" target=\"_blank\" rel=\"noopener noreferrer\">visites guid\u00e9es<\/a> en Fran\u00e7ais.<\/p>\n<p><strong id=\"combien-de-temps-durent-les-visites-guidees-de-walkberlin\">Combien de temps durent les visites guid\u00e9es de WalkBerlin ?<\/strong><br \/>\nToutes les visites guid\u00e9es durent 3 heures, se font \u00e0 pied et sont panoramiques. Nous ne rentrons pas dans les mus\u00e9es ni dans les b\u00e2timents historiques pr\u00e9sent\u00e9s. Selon l\u2019int\u00e9r\u00eat du groupe, il se peut que nous d\u00e9bordions quelque peu \u2013 mais toujours avec l\u2019accord du groupe !<\/p>\n<p><strong>Quand les visites sont-elles propos\u00e9es ?<\/strong><br \/>\nLes visites guid\u00e9es hebdomadaires vous sont propos\u00e9es le week-end. Voici nos 3 visites guid\u00e9es en Fran\u00e7ais\u00a0:<br \/>\n&#8211; Le \u00ab\u00a0Tour d\u00e9couverte\u00a0\u00bb, le samedi de 14h \u00e0 17 heures ;<br \/>\n&#8211; Le \u00ab Berlin de Hitler \u00bb, le jeudi de 14h \u00e0 17 heures 30 ;<br \/>\n&#8211; Le \u00ab\u00a0Mur de Berlin\u00a0\u00bb, le vendredi de 14h \u00e0 17 heures.<br \/>\nLes dates des visites sont en ligne. En cliquant sur le bouton &#8220;Tickets et r\u00e9servation&#8221;, vous serez dirig\u00e9 sur le site Eventbrite sur lequel vous pourrez voir les dates des visites.<br \/>\nCes visites sont aussi propos\u00e9es en <strong>visites guid\u00e9es priv\u00e9es le jour et l\u2019heure de votre choix aux groupes de 2 \u00e0 15 personnes<\/strong>. Merci de nous contacter au moins deux semaines avant en \u00e9crivant un mail \u00e0 Anne Lainault : info@walkberlin.com. <strong>Vous pouvez r\u00e9servez une visite priv\u00e9e 2 mois avant la date souhait\u00e9e, pas avant<\/strong>.<\/p>\n<p><strong>Est-ce que je dois m\u2019inscrire pour participer aux visites ?<\/strong><br \/>\nOui. <strong>L\u2019inscription en ligne est obligatoire car la visite guid\u00e9e n&#8217;est propos\u00e9e que si au moins 5 adultes se sont inscrits<\/strong> au moins 24 heures avant la visite. Pour vous inscrire, il vous suffit de vous rendre sur la page-descriptif de la visite et de cliquer sur le bouton vert : \u00ab ticket et r\u00e9servation \u00bb. Vous serez redirig\u00e9 vers la page de notre partenaire Eventbrite. Merci de s\u00e9lectionner la date parmi les dates propos\u00e9es et le nombre de tickets au prix ad\u00e9quat. Vous pouvez r\u00e9gler en ligne via PayPal ou en esp\u00e8ces le jour de la visite en choisissant l\u2019option : \u00ab r\u00e9servation \u00bb.<\/p>\n<p><strong>La date qui m&#8217;int\u00e9resse n&#8217;est pas en ligne. Qu&#8217;est-ce que cela veut dire ?<\/strong><br \/>\nVous souhaitez r\u00e9server 3 tickets pour la visite guid\u00e9e &#8220;nos incontournables&#8221; du samedi suivant mais vous ne pouvez pas s\u00e9lectionner cette date ? Si la date n&#8217;est pas en ligne, cela veut dire qu&#8217;exceptionnellement la visite guid\u00e9e n&#8217;est pas propos\u00e9e ce jour-l\u00e0 ou que tous les tickets ont \u00e9t\u00e9 vendus.<\/p>\n<p><strong>Est-ce que je peux r\u00e9server une visite guid\u00e9e priv\u00e9e sur un autre sujet ?<\/strong><br \/>\nEn plus des trois visites guid\u00e9es hebdomadaires, WalkBerlin r\u00e9pond \u00e0 vos demandes de visites guid\u00e9es individuelles. Vous voulez d\u00e9couvrir une autre page de l\u2019histoire berlinoise ? Vous pr\u00e9f\u00e9rez avoir une vue d\u2019ensemble de l\u2019histoire de la ville ? Un grand tour sur Berlin-Est vous int\u00e9resse ? Pas de probl\u00e8me : donnez-nous le sujet, la date, la dur\u00e9e et nous nous chargeons du programme. Taille max<\/p>\n<p><strong>O\u00f9 commencent les visites ? O\u00f9 se retrouve-t-on ?<\/strong><br \/>\nLes visites sont th\u00e9matiques et commencent \u00e0 des endroits diff\u00e9rents dans Berlin. Chaque visite est pr\u00e9sent\u00e9e sur le site sous l\u2019onglet\u00a0:\u00a0\u00ab visites guid\u00e9es \u00bb. Pour chaque visite, vous trouverez les informations suivantes\u00a0:<br \/>\n&#8211; un r\u00e9sum\u00e9 du tour : contenu et th\u00e9matique<br \/>\n&#8211; les \u00ab highlights \u00bb : stations principales et particularit\u00e9s<br \/>\n&#8211; les informations sur le tour : jour, heure, rendez-vous, prix.<br \/>\nSi vous r\u00e9servez une visite guid\u00e9e priv\u00e9e, nous pouvons convenir d\u2019un autre point de d\u00e9part de la visite.<\/p>\n<p><strong>Est-ce qu\u2019on peut faire la visite en v\u00e9lo ?<\/strong><br \/>\n<strong>Non, WalkBerlin ne propose que des visites guid\u00e9es \u00e0 pied.<\/strong> Pour une visite guid\u00e9e \u00e0 v\u00e9lo, je vous recommande l&#8217;\u00e9quipe de <a href=\"https:\/\/decouvrir-berlin.com\/visite-guidee-berlin-velo-francais\/\" target=\"_blank\" rel=\"noopener noreferrer\">D\u00e9couvrir Berlin<\/a> qui vous propose des balades de 3 heures \u00e0 votre rythme.<\/p>\n<p><strong>Est-ce qu&#8217;on peut visiter un mus\u00e9e de Berlin avec WalkBerlin?<\/strong><br \/>\nNon, WalkBerlin ne propose que des visites guid\u00e9es de la ville, mais pas de ses mus\u00e9es. Pour faire une visite guid\u00e9e d&#8217;une exposition, faites une demande aupr\u00e8s du <strong>service p\u00e9dagogique du mus\u00e9e<\/strong>. La majorit\u00e9 des mus\u00e9es de Berlin ont effectivement une \u00e9quipe de guides et g\u00e8rent les visites. Certains mus\u00e9es acceptent que des guides externes accompagnent des groupes. Voyez alors <strong>l&#8217;offre de ces guides externes sur Internet<\/strong>.<\/p>\n<h2>Se d\u00e9placer \u00e0 Berlin :<\/h2>\n<p>En tout, 3 zones \u00e0 Berlin : A, B et C. Les zones A et B correspondent \u00e0 la ville de Berlin. C est la premi\u00e8re couronne du Brandebourg, o\u00f9 se trouvent les villes attenantes comme Potsdam, le m\u00e9morial de Sachsenhausen mais aussi l\u2019a\u00e9roport de Sch\u00f6nefeld. Vous pouvez choisir un ticket AB ou ABC. A tout seul n&#8217;existe pas. Berlin dispose d\u2019un r\u00e9seau de transport en commun tr\u00e8s pratique et est particuli\u00e8rement bien desservi : bus, tramway, m\u00e9tro (U-Bahn), RER (S-Bahn), trains r\u00e9gionaux (Regio). O\u00f9 que vous soyez, vous trouverez un arr\u00eat \u00e0 moins de 500 m\u00e8tres !<\/p>\n<p><strong>La BVG propose gratuitement un site permettant de calculer son trajet :<\/strong> <a href=\"http:\/\/www.bvg.de\/en\" target=\"_blank\" rel=\"noopener noreferrer\">http:\/\/www.bvg.de\/en<\/a><\/p>\n<p><strong>Quel titre de transport choisir ? Y a-t-il des tickets r\u00e9duits pour la dur\u00e9e de mon s\u00e9jour ?<\/strong><br \/>\nSelon les trajets que vous comptez faire, le nombre de personnes et de jours que vous restez sur place, vous pouvez choisir parmi les tickets suivants :<br \/>\n&#8211; <strong>Tageskarte<\/strong> : ticket pour la journ\u00e9e, valable jusqu\u2019\u00e0 3h du matin le jour suivant. Rentable \u00e0 partir de trois trajets dans la journ\u00e9e. Pour un seul trajet, un ticket aller-simple, valable 2 heures dans une seule direction, suffit.<br \/>\n&#8211; <strong>Kleingruppen-Tageskarte<\/strong> : pour les groupes de 5 personnes, valable une journ\u00e9e.<br \/>\n&#8211; <strong>7-Tage-Karte<\/strong> : ticket pour une personne valable une semaine (7 jours).<br \/>\n&#8211; Pour les s\u00e9jours plus longs : La BVG propose des titres de transport avec des r\u00e9ductions sur l&#8217;offre de diff\u00e9rents partenaires : restaurants, activit\u00e9s, mus\u00e9es, etc. Vous avez le choix entre la <strong>CityTourCard Berlin<\/strong> pour 48, 72 heures ou 5 jours et la <strong>WelcomeCard<\/strong> \u00e0 48, 72 heures ou 5 jours. La WelcomeCard contient un plan de Berlin, des transports en commun et un livret avec plus de 200 activit\u00e9s \u00e0 tarif r\u00e9duit. Elle existe pour Berlin : WelcomeCard Berlin-AB et pour Berlin+Potsdam : ABC. Vous trouverez ici une liste des <a href=\"https:\/\/www.berlin-welcomecard.de\/fr\/selling-points\" target=\"_blank\" rel=\"noopener noreferrer\">points de vente de la Berlin WelcomeCard<\/a>.<\/p>\n<p><strong>Comment aller de l\u2019a\u00e9roport \u00e0 mon h\u00f4tel \/ logement ?<\/strong><br \/>\nBerlin a deux a\u00e9roports : Tegel, dans la zone B et Sch\u00f6nefeld, dans la zone C. A Berlin, il n&#8217;y a pas de navette ou shuttle a\u00e9roport. Vous pouvez prendre le bus ou le S-Bahn :<br \/>\n&#8211; depuis Tegel en bus : TXL, 128, 109 puis en S-Bahn depuis Beuselstra\u00dfe ou Zoologischer Garten.<br \/>\n&#8211; depuis Sch\u00f6nefeld en S-Bahn : S9 ou S45 \/ les trains r\u00e9gionaux : RE7 et RB14 passant par : Zoo, Hauptbahnhof, Friedrichstra\u00dfe, Alexanderplatz, Ostbahnhof ou RB19 passant par Gesundbrunnen, Hauptbahnhof, Potsdamer Platz, S\u00fcdkreuz \/ bus n\u00b0 : 163, 164, 171, 734, 735, 736, 741, 742, X7.<br \/>\nPour cause de travaux fr\u00e9quents sur les lignes, le plus simple est de calculer votre trajet avant le d\u00e9part en utilisant le site de la bvg. Sur place, vous pouvez aussi t\u00e9l\u00e9charger <a href=\"http:\/\/www.bvg.de\/de\/Fahrinfo\/Jederzeit-mobil\" target=\"_blank\" rel=\"noopener noreferrer\">l&#8217;application de la bvg<\/a>.<\/p>\n<p><strong>Auberge de jeunesse, h\u00f4tel, Airbnb&#8230; que choisir ?<\/strong><br \/>\nBerlin a plus de 800 h\u00f4tels et de 300 h\u00e9bergements Airbnb ! Pour vous aider \u00e0 faire votre choix, visitBerlin vous propose une s\u00e9lection d&#8217;h\u00f4tels <a href=\"https:\/\/www.visitberlin.de\/fr\/hotels-berlin\" target=\"_blank\" rel=\"noopener noreferrer\">ici<\/a>. Rentrez vos crit\u00e8res et voil\u00e0 ! Vous pr\u00e9f\u00e9rez une chambre chez l&#8217;habitant ou un logement ? Airbnb a actualis\u00e9 son offre depuis la r\u00e9forme du s\u00e9nat de Berlin.<\/p>\n<p><strong>Ou louer un v\u00e9lo \u00e0 Berlin ?<\/strong><br \/>\nPresque \u00e0 chaque coin de rue ! H\u00f4tels, kiosques, magasins de souvenirs et agences de location louent des v\u00e9los dans tout Berlin. WalkBerlin vous propose une s\u00e9lection de bonnes adresses sur le blog o\u00f9 <a href=\"https:\/\/www.walkberlin.com\/fr\/louer-un-velo-a-berlin\/\">louer un v\u00e9lo \u00e0 Berlin<\/a>.<\/p>\n<h2>Les incontournables de Berlin :<\/h2>\n<p><strong>Est-ce que le Bundestag propose des visites guid\u00e9es en Fran\u00e7ais ?<\/strong><br \/>\nOui. Les visites sont propos\u00e9es et r\u00e9alis\u00e9es <strong>uniquement<\/strong> par l\u2019\u00e9quipe de guides du Bundestag dans plusieurs langues dont le Fran\u00e7ais. Vous devez vous inscrire en ligne avant votre s\u00e9jour sur le site du Bundestag. Une visite guid\u00e9e est propos\u00e9e \u00e0 partir de 10 participants, les familles sont donc regroup\u00e9es.<br \/>\nLa coupole seule se visite sans guide mais une inscription pr\u00e9alable sur Internet est quand m\u00eame obligatoire. Des audioguides sont propos\u00e9s une fois arriv\u00e9 sur la terrasse. La coupole est accessible de 8h \u00e0 minuit, derni\u00e8re admission \u00e0 22h. Plus d\u2019information sur le blog <a href=\"https:\/\/www.walkberlin.com\/fr\/le-bundestag-et-sa-coupole\/\" target=\"_blank\" rel=\"noopener noreferrer\">ici<\/a>.<\/p>\n<p><strong>Est-ce que je peux monter en haut de la tour de t\u00e9l\u00e9vision ?<\/strong><br \/>\nOui. Vous pouvez acheter le ticket pendant votre s\u00e9jour ou r\u00e9server en ligne avant pour \u00e9viter la queue. Plusieurs formules de tickets sont propos\u00e9es selon l\u2019heure \u00e0 laquelle vous voulez acc\u00e9der \u00e0 la plate-forme. Un \u00e9tage plus haut, le restaurant Sph\u00e8re vous accueille dans une ambiance tr\u00e8s ann\u00e9es 70. R\u00e9servation obligatoire. Lisez notre <a title=\"La Tour de t\u00e9l\u00e9vision de Berlin\" href=\"https:\/\/www.walkberlin.com\/fr\/la-tour-de-television-de-berlin\/\" target=\"_blank\" rel=\"noopener noreferrer\">article sur la Tour de t\u00e9l\u00e9vision<\/a> dans le Blog.<\/p>\n<p><strong>O\u00f9 manger une Currywurst \u00e0 Berlin ?<\/strong><br \/>\nLa Currywurst, incontournable sp\u00e9cialit\u00e9 berlinoise. Au-del\u00e0 des deux institutions, Curry36 et Konnopke, WalkBerlin vous propose une s\u00e9lection des 5 meilleures currywurst de Berlin dans le <a href=\"https:\/\/www.walkberlin.com\/fr\/blog\/\" target=\"_blank\" rel=\"noopener noreferrer\">Blog<\/a>. Attention : liste non exhaustive !<\/p>\n<div id=\"social-media\">\n\t\t\t\t\t\t<span class=\"h3\">Partager<\/span>\n\t\t\t\t\t\t<ul>\n\t\t\t\t\t\t\t<li>\n\t\t\t\t\t\t\t\t<img src=\"https:\/\/www.walkberlin.com\/fr\/wp-content\/themes\/stylemag\/images\/social-media\/facebook_icon.png\" id=\"facebook\" class=\"socialbtn\" alt=\"\" \/>\n\t\t\t\t\t\t\t<\/li>\n\t\t\t\t\t\t\t<li>\n\t\t\t\t\t\t\t\t<img src=\"https:\/\/www.walkberlin.com\/fr\/wp-content\/themes\/stylemag\/images\/social-media\/twitter_icon.png\" id=\"twitter\" class=\"socialbtn\" alt=\"\" \/>\n\t\t\t\t\t\t\t<\/li>\n\t\t\t\t\t\t\t<li>\n\t\t\t\t\t\t\t\t<img src=\"https:\/\/www.walkberlin.com\/fr\/wp-content\/themes\/stylemag\/images\/social-media\/googleplus_icon.png\" id=\"googleplus\" class=\"socialbtn\" alt=\"\" \/>\n\t\t\t\t\t\t\t<\/li>\n\t\t\t\t\t\t\t<li>\n\t\t\t\t\t\t\t\t<img src=\"https:\/\/www.walkberlin.com\/fr\/wp-content\/themes\/stylemag\/images\/social-media\/pinterest_icon.png\" id=\"pinterest\" class=\"socialbtn\" alt=\"\" \/>\n\t\t\t\t\t\t\t<\/li>\n\t\t\t\t\t\t\t<li>\n\t\t\t\t\t\t\t\t<img src=\"https:\/\/www.walkberlin.com\/fr\/wp-content\/themes\/stylemag\/images\/social-media\/whatsapp_icon.png\" id=\"whatsapp\" class=\"socialbtn\" alt=\"\" \/>\n\t\t\t\t\t\t\t<\/li>\n\t\t\t\t\t\t\t<li>\n\t\t\t\t\t\t\t\t<img src=\"https:\/\/www.walkberlin.com\/fr\/wp-content\/themes\/stylemag\/images\/social-media\/email_icon.png\" id=\"email\" class=\"socialbtn\" alt=\"\" \/>\n\t\t\t\t\t\t\t<\/li>\n\t\t\t\t\t\t<\/ul>\n\t\t\t\t\t\t<\/div>\n\t\t\t\t\t\t\t<div class=\"widget-title-border\">\n\t\t\t\t\t\t<div class=\"widget-title-block\"><\/div>\n\t\t\t\t\t<\/div>","protected":false},"excerpt":{"rendered":"<p>Les visites guid\u00e9es de WalkBerlin : Est-ce que WalkBerlin propose des visites guid\u00e9es en Fran\u00e7ais ? Oui. WalkBerlin propose des visites guid\u00e9es en Allemand et en Fran\u00e7ais. Voici la pr\u00e9sentation de nos visites guid\u00e9es en Fran\u00e7ais. Combien de temps durent les visites guid\u00e9es de WalkBerlin ? Toutes les visites guid\u00e9es durent 3 heures, se font<\/p>\n","protected":false},"author":2,"featured_media":0,"parent":0,"menu_order":0,"comment_status":"closed","ping_status":"closed","template":"","meta":[],"_links":{"self":[{"href":"https:\/\/www.walkberlin.com\/fr\/wp-json\/wp\/v2\/pages\/2024"}],"collection":[{"href":"https:\/\/www.walkberlin.com\/fr\/wp-json\/wp\/v2\/pages"}],"about":[{"href":"https:\/\/www.walkberlin.com\/fr\/wp-json\/wp\/v2\/types\/page"}],"author":[{"embeddable":true,"href":"https:\/\/www.walkberlin.com\/fr\/wp-json\/wp\/v2\/users\/2"}],"replies":[{"embeddable":true,"href":"https:\/\/www.walkberlin.com\/fr\/wp-json\/wp\/v2\/comments?post=2024"}],"version-history":[{"count":42,"href":"https:\/\/www.walkberlin.com\/fr\/wp-json\/wp\/v2\/pages\/2024\/revisions"}],"predecessor-version":[{"id":3068,"href":"https:\/\/www.walkberlin.com\/fr\/wp-json\/wp\/v2\/pages\/2024\/revisions\/3068"}],"wp:attachment":[{"href":"https:\/\/www.walkberlin.com\/fr\/wp-json\/wp\/v2\/media?parent=2024"}],"curies":[{"name":"wp","href":"https:\/\/api.w.org\/{rel}","templated":true}]}}