{"id":2146,"date":"2016-05-11T18:21:19","date_gmt":"2016-05-11T16:21:19","guid":{"rendered":"https:\/\/www.walkberlin.com\/fr\/?page_id=2146"},"modified":"2022-05-24T21:54:44","modified_gmt":"2022-05-24T19:54:44","slug":"lalexanderplatz","status":"publish","type":"page","link":"https:\/\/www.walkberlin.com\/fr\/lalexanderplatz\/","title":{"rendered":"L&#8217;Alexanderplatz"},"content":{"rendered":"<p><img loading=\"lazy\" width=\"150\" height=\"150\" src=\"https:\/\/www.walkberlin.com\/fr\/wp-content\/uploads\/sites\/3\/2013\/08\/IMG_0390-150x150.jpg\" alt=\"Horloge universelle, Berlin Alexanderplatz\" class=\"alignleft size-thumbnail wp-image-585\" srcset=\"https:\/\/www.walkberlin.com\/fr\/wp-content\/uploads\/sites\/3\/2013\/08\/IMG_0390-150x150.jpg 150w, https:\/\/www.walkberlin.com\/fr\/wp-content\/uploads\/sites\/3\/2013\/08\/IMG_0390-500x500.jpg 500w\" sizes=\"(max-width: 150px) 100vw, 150px\" \/><\/p>\n<h2>Alexanderplatz, t\u00e9moin de l&#8217;histoire berlinoise<\/h2>\n<p>Place mythique au c\u0153ur de Berlin, l\u2019Alexanderplatz est le t\u00e9moin de toutes les \u00e9poques qui ont marqu\u00e9 l\u2019histoire de Berlin. Des errances de Franz Biberkopf dans le Berlin des ann\u00e9es 20, cont\u00e9es par Alfred D\u00f6blin, de la mont\u00e9e et affirmation du nazisme dans les ann\u00e9es 30 \u00e0 l\u2019arriv\u00e9e des troupes sovi\u00e9tiques en 1945 et \u00e0 la fondation de la RDA en 1949, elle est li\u00e9e \u00e0 l&#8217;histoire et au paysage urbain berlinois. <\/p>\n<p>En RDA, elle deviendra la place prestige de la capitale, Berlin-Est, le symbole de la grandeur technique du r\u00e9gime avec sa <a href=\"https:\/\/www.walkberlin.com\/fr\/la-tour-de-television-de-berlin\/\">tour de t\u00e9l\u00e9vion<\/a> mais aussi un des carrefours interurbains pour les Berlinois. Aujourd&#8217;hui, cette architecture socialiste fait encore son charme. Place prestige du r\u00e9gime, elle sera aussi sa chute : c&#8217;est ici que les Berlinois manifestent en 1989, demandant l&#8217;ouverture du r\u00e9gime. D\u2019une p\u00e9riode \u00e0 l\u2019autre, l\u2019Alexanderplatz a \u00e9t\u00e9 et reste aujourd&#8217;hui encore une place-t\u00e9moin, un espace urbain, o\u00f9 pass\u00e9 et pr\u00e9sent se font face.<\/p>\n<div class=\"msg default clearfix\"><p> Cette visite n&#8217;est plus propos\u00e9e. Merci de votre compr\u00e9hension. <\/p><\/div>\n<div id=\"social-media\">\n\t\t\t\t\t\t<span class=\"h3\">Partager<\/span>\n\t\t\t\t\t\t<ul>\n\t\t\t\t\t\t\t<li>\n\t\t\t\t\t\t\t\t<img src=\"https:\/\/www.walkberlin.com\/fr\/wp-content\/themes\/stylemag\/images\/social-media\/facebook_icon.png\" id=\"facebook\" class=\"socialbtn\" alt=\"\" \/>\n\t\t\t\t\t\t\t<\/li>\n\t\t\t\t\t\t\t<li>\n\t\t\t\t\t\t\t\t<img src=\"https:\/\/www.walkberlin.com\/fr\/wp-content\/themes\/stylemag\/images\/social-media\/twitter_icon.png\" id=\"twitter\" class=\"socialbtn\" alt=\"\" \/>\n\t\t\t\t\t\t\t<\/li>\n\t\t\t\t\t\t\t<li>\n\t\t\t\t\t\t\t\t<img src=\"https:\/\/www.walkberlin.com\/fr\/wp-content\/themes\/stylemag\/images\/social-media\/googleplus_icon.png\" id=\"googleplus\" class=\"socialbtn\" alt=\"\" \/>\n\t\t\t\t\t\t\t<\/li>\n\t\t\t\t\t\t\t<li>\n\t\t\t\t\t\t\t\t<img src=\"https:\/\/www.walkberlin.com\/fr\/wp-content\/themes\/stylemag\/images\/social-media\/pinterest_icon.png\" id=\"pinterest\" class=\"socialbtn\" alt=\"\" \/>\n\t\t\t\t\t\t\t<\/li>\n\t\t\t\t\t\t\t<li>\n\t\t\t\t\t\t\t\t<img src=\"https:\/\/www.walkberlin.com\/fr\/wp-content\/themes\/stylemag\/images\/social-media\/whatsapp_icon.png\" id=\"whatsapp\" class=\"socialbtn\" alt=\"\" \/>\n\t\t\t\t\t\t\t<\/li>\n\t\t\t\t\t\t\t<li>\n\t\t\t\t\t\t\t\t<img src=\"https:\/\/www.walkberlin.com\/fr\/wp-content\/themes\/stylemag\/images\/social-media\/email_icon.png\" id=\"email\" class=\"socialbtn\" alt=\"\" \/>\n\t\t\t\t\t\t\t<\/li>\n\t\t\t\t\t\t<\/ul>\n\t\t\t\t\t\t<\/div>\n\t\t\t\t\t\t\t<div class=\"widget-title-border\">\n\t\t\t\t\t\t<div class=\"widget-title-block\"><\/div>\n\t\t\t\t\t<\/div>","protected":false},"excerpt":{"rendered":"<p>Alexanderplatz, t\u00e9moin de l&#8217;histoire berlinoise Place mythique au c\u0153ur de Berlin, l\u2019Alexanderplatz est le t\u00e9moin de toutes les \u00e9poques qui ont marqu\u00e9 l\u2019histoire de Berlin. Des errances de Franz Biberkopf dans le Berlin des ann\u00e9es 20, cont\u00e9es par Alfred D\u00f6blin, de la mont\u00e9e et affirmation du nazisme dans les ann\u00e9es 30 \u00e0 l\u2019arriv\u00e9e des troupes<\/p>\n","protected":false},"author":2,"featured_media":585,"parent":0,"menu_order":5,"comment_status":"closed","ping_status":"closed","template":"","meta":[],"_links":{"self":[{"href":"https:\/\/www.walkberlin.com\/fr\/wp-json\/wp\/v2\/pages\/2146"}],"collection":[{"href":"https:\/\/www.walkberlin.com\/fr\/wp-json\/wp\/v2\/pages"}],"about":[{"href":"https:\/\/www.walkberlin.com\/fr\/wp-json\/wp\/v2\/types\/page"}],"author":[{"embeddable":true,"href":"https:\/\/www.walkberlin.com\/fr\/wp-json\/wp\/v2\/users\/2"}],"replies":[{"embeddable":true,"href":"https:\/\/www.walkberlin.com\/fr\/wp-json\/wp\/v2\/comments?post=2146"}],"version-history":[{"count":7,"href":"https:\/\/www.walkberlin.com\/fr\/wp-json\/wp\/v2\/pages\/2146\/revisions"}],"predecessor-version":[{"id":3226,"href":"https:\/\/www.walkberlin.com\/fr\/wp-json\/wp\/v2\/pages\/2146\/revisions\/3226"}],"wp:featuredmedia":[{"embeddable":true,"href":"https:\/\/www.walkberlin.com\/fr\/wp-json\/wp\/v2\/media\/585"}],"wp:attachment":[{"href":"https:\/\/www.walkberlin.com\/fr\/wp-json\/wp\/v2\/media?parent=2146"}],"curies":[{"name":"wp","href":"https:\/\/api.w.org\/{rel}","templated":true}]}}