{"id":331,"date":"2013-07-02T00:16:27","date_gmt":"2013-07-01T22:16:27","guid":{"rendered":"https:\/\/www.walkberlin.com\/fr\/?page_id=331"},"modified":"2019-05-13T20:58:21","modified_gmt":"2019-05-13T18:58:21","slug":"protections-des-donnees","status":"publish","type":"page","link":"https:\/\/www.walkberlin.com\/fr\/protections-des-donnees\/","title":{"rendered":"Protection des donn\u00e9es"},"content":{"rendered":"<p><strong>Responsabilit\u00e9 pour le contenu<\/strong><br \/>\nLe contenu de nos pages a \u00e9t\u00e9 \u00e9tabli avec soin. Nous ne pouvons garantir que les informations qu\u2019il comporte soient n\u00e9cessairement justes, compl\u00e8tes, exhaustives ou exactes ou \u00e0 jour. En tant que fournisseurs de services nous sommes responsables d&#8217;apr\u00e8s \u00a7 7 Abs.1 TMG des contenus personnels sur ces pages selon la loi. D&#8217;apr\u00e8s \u00a7\u00a7 8 \u00e0 10 TMG nous ne sommes pas tenus, en tant que fournisseurs de services, de surveiller les informations de tiers, communiqu\u00e9es ou sauvegard\u00e9es, ou le cas \u00e9ch\u00e9ant de faire des recherches, qui renvoient \u00e0 un acte non l\u00e9gal. L&#8217;obligation d&#8217;effacer ou de bloquer l&#8217;utilisation d&#8217;informations selon la loi g\u00e9n\u00e9rale restent inchang\u00e9s. Une responsabilit\u00e9 \u00e0 ce sujet n&#8217;est possible qu&#8217;\u00e0 partir du moment o\u00f9 l&#8217;infraction concr\u00e8te est connue. D\u00e8s que nous prenons connaissance du fait que des infractions sont commises, nous nous engageons \u00e0 retirer ces contenus.<\/p>\n<p><strong>Responsabilit\u00e9 pour les liens<\/strong><br \/>\nNotre offre contient des liens vers le contenu de sites Internet de tierces personnes, sur lesquels nous n&#8217;avons aucune influence. C&#8217;est pourquoi nous ne pouvons nous porter garants des contenus \u00e9trangers. Le fournisseur ou g\u00e9rant de la page cible du lien est responsable de son contenu. Les pages reli\u00e9es ont \u00e9t\u00e9 examin\u00e9es au moment de la mise en place du lien pour voir s&#8217;il y avait des infractions. Des contenus ill\u00e9gaux n&#8217;\u00e9taient pas reconnaissables au moment de la mise en place du lien. Un contr\u00f4le permanent du contenu du lien n&#8217;est pas possible sans preuve concr\u00e8te de l&#8217;infraction. D\u00e8s qu&#8217;une infraction est port\u00e9e \u00e0 la connaissance de WalkBerlin, les liens seront retir\u00e9s.<\/p>\n<p><strong>Droit d&#8217;auteur<\/strong><br \/>\nLes contenus cr\u00e9es par les g\u00e9rants de la page Internet et \u0153uvres sur ces pages sont soumis au droit d&#8217;auteur allemand. La reproduction, le traitement, la distribution et toute forme d&#8217;exploitation en dehors des limites du droit d&#8217;auteur n\u00e9cessite l&#8217;autorisation \u00e9crite de l&#8217;auteur ou cr\u00e9ateur respectif. Les t\u00e9l\u00e9chargements et copies de ces pages ne sont autoris\u00e9es que pour un usage priv\u00e9 et non commercial. Le contenu de cette page qui n&#8217;est pas cr\u00e9\u00e9 par le g\u00e9rant de cette page est soumis au droit d&#8217;auteur de tierce personne. Les contenus de tierces personnes sont caract\u00e9ris\u00e9s comme tels. Si jamais vous deviez voir une violation du doit d&#8217;auteur, nous vous demandons de nous en faire part. D\u00e8s la notification de cette violation, nous supprimerons le contenu imm\u00e9diatement.<\/p>\n<p><strong>Protection des donn\u00e9es<\/strong><br \/>\nL&#8217;utilisation de notre site Web est d&#8217;une mani\u00e8re g\u00e9n\u00e9rale possible sans fournir d&#8217;informations personnelles. D\u00e8s que nous recueillons des donn\u00e9es personnelles (par exemple nom, adresse ou adresse e-mail), ceci se passe toujours autant que possible sur une base volontaire. Ces donn\u00e9es ne seront pas sans votre consentement explicite communiqu\u00e9es \u00e0 une tierce personne.<\/p>\n<p>Nous rappelons que la transmission de donn\u00e9es sur Internet (par exemple la communication par e-mail) peut pr\u00e9senter des lacunes de s\u00e9curit\u00e9. Une protection compl\u00e8te des donn\u00e9es contre l&#8217;acc\u00e8s par des tiers n&#8217;est pas possible.<\/p>\n<p>L&#8217;utilisation des informations personnelles publi\u00e9es dans les mentions l\u00e9gales par des tierces personnes pour l&#8217;envoi de publicit\u00e9 non express\u00e9ment demand\u00e9e et d&#8217;information est express\u00e9ment exclu. Les op\u00e9rateurs du site se r\u00e9servent le droit d&#8217;agir en justice en cas de publicit\u00e9 non sollicit\u00e9e, telle que le spam e-mail.<\/p>\n<p><strong>D\u00e9claration de protections des donn\u00e9es pour l&#8217;utilisation de Facebook-Plugins (Like-Button)<\/strong><br \/>\nSur nos pages, des Plugins du r\u00e9seau social Facebook, 1601 South California Avenue, Palo Alto, CA 94304, USA sont int\u00e9gr\u00e9s. Vous reconnaissez les Plugins de Facebook au Logo-Facebook ou au &#8220;Like-Button&#8221;  (&#8220;J&#8217;aime&#8221;) sur notre page. Vous trouverez un aper\u00e7u des Facebook-Plugins ici&nbsp;: <a href=\"http:\/\/developers.facebook.com\/docs\/plugins\/\" target=\"_blank\" rel=\"noopener noreferrer\">http:\/\/developers.facebook.com\/docs\/plugins\/<\/a>.<\/p>\n<p>Lors de la visite de nos pages, le plugin \u00e9tablit une connexion entre votre navigateur et le serveur Facebook. Facebook obtient ainsi l&#8217;information que vous avez visit\u00e9 avec votre adresse IP notre page Internet. Quand vous cliquez sur le Facebook &#8220;Like-Button&#8221; quand vous \u00eates connect\u00e9 \u00e0 votre compte Facebook, vous pouvez faire un lien du contenu de notre page vers votre profil sur Facebook. Ainsi Facebook peut assigner la visite de notre page \u00e0 votre compte d&#8217;utilisateur. Nous vous rappelons que nous n&#8217;avons en tant que fournisseurs de ces sites aucune connaissance du contenu des donn\u00e9es transmises et de leur utilisation par Facebook. Vous trouverez plus d&#8217;informations sur la protection des donn\u00e9es personnelles de Facebook sur <a href=\"http:\/\/de-de.facebook.com\/policy.php\" target=\"_blank\" rel=\"noopener noreferrer\"> http:\/\/de-de.facebook.com\/policy.php<\/a><\/p>\n<p>Si vous ne souhaitez pas que Facebook puisse attribuer la visite de nos pages \u00e0 votre compte utilisateur Facebook, d\u00e9connectez-vous de votre compte Facebook.<\/p>\n<p><strong>D\u00e9claration de confidentialit\u00e9 pour l&#8217;utilisation de Google Analytics<\/strong><br \/>\nCe site utilise Google Analytics, un service d\u2019analyse de site Internet fourni par Google Inc. (\u00ab&nbsp;Google&nbsp;\u00bb). Google Analytics utilise des cookies, qui sont des fichiers texte plac\u00e9s sur votre ordinateur pour aider le site Internet \u00e0 analyser l\u2019utilisation du site par ses utilisateurs. Les donn\u00e9es g\u00e9n\u00e9r\u00e9es par les cookies concernant votre utilisation du site (y compris votre adresse IP) seront transmises et stock\u00e9es par Google sur des serveurs situ\u00e9s aux Etats-Unis. Dans le cas de l&#8217;activation de l&#8217;anonymisation IP sur ce site, votre adresse IP sera tronqu\u00e9e au sein des \u00c9tats membres de l&#8217;Union europ\u00e9enne ou d&#8217;autres ayant sign\u00e9 l&#8217;accord sur l&#8217;Espace \u00e9conomique europ\u00e9en.<\/p>\n<p>Seulement dans des cas exceptionnels l&#8217;adresse IP est transmise de mani\u00e8re compl\u00e8te \u00e0 un serveur de Google aux USA et abr\u00e9g\u00e9e. Au nom de l&#8217;exploitant du site, Google utilisera cette information pour \u00e9valuer votre utilisation du site, compiler des rapports sur l&#8217;activit\u00e9 du site et fournir d&#8217;autres services connexes au site Internet et \u00e0 l&#8217;exploitant du site. L&#8217;adresse IP transmise dans le cadre de Google Analytics via votre navigateur n&#8217;est pas mise en relation avec d&#8217;autres donn\u00e9es d\u00e9tenues par Google.<\/p>\n<p>Vous pouvez d\u00e9sactiver l\u2019utilisation de cookies en s\u00e9lectionnant les param\u00e8tres appropri\u00e9s dans votre navigateur. Cependant, une telle d\u00e9sactivation pourrait emp\u00eacher l\u2019utilisation de certaines fonctionnalit\u00e9s de ce site. Vous pouvez \u00e9galement emp\u00eacher les donn\u00e9es g\u00e9n\u00e9r\u00e9es par les cookies concernant votre utilisation du site (y compris votre adresse IP) sur Google et le traitement de ces donn\u00e9es par Google en t\u00e9l\u00e9chargeant le plugin pour navigateur disponible sur le lien suivant et l&#8217;installer&nbsp;: <a href=\"http:\/\/tools.google.com\/dlpage\/gaoptout?hl=de\">http:\/\/tools.google.com\/dlpage\/gaoptout?hl=de<\/a>.<\/p>\n<p><strong>D\u00e9claration de confidentialit\u00e9 pour utiliser Google +1<\/strong><br \/>\n<i>Collecte et diffusion des informations&nbsp;:<\/i><br \/>\nLe bouton Google +1 vous permet de publier des informations dans le monde entier. Gr\u00e2ce au bouton +1 de Google vous pouvez recevoir du contenu personnalis\u00e9 des autres utilisateurs de Google et de nos partenaires. Google va stocker \u00e0 la fois les informations que vous avez caract\u00e9ris\u00e9es en contenu +1, ainsi que des informations sur la page affich\u00e9e lorsque vous cliquez sur +1. Vos +1 peuvent \u00eatre pr\u00e9sent\u00e9s comme preuve avec votre nom et votre photo de profil dans les services Google, tels que dans les r\u00e9sultats de recherche ou dans votre profil Google, ou ailleurs sur les sites Web et les publicit\u00e9s sur Internet.<br \/>\nGoogle enregistre des informations sur vos activit\u00e9s +1- pour am\u00e9liorer les services de Google pour vous et les autres. Pour utiliser le bouton Google +1, vous avez besoin d&#8217;un profil Google public visible dans le monde qui doit contenir au moins le nom choisi pour le profil. Ce nom est utilis\u00e9 dans tous les services Google. Dans certains cas, ce nom peut \u00e9galement \u00eatre remplac\u00e9 par tout autre nom que vous avez utilis\u00e9 lors du partage de contenu sous votre compte Google. L&#8217;identit\u00e9 de votre profil Google peut \u00eatre montr\u00e9e aux utilisateurs qui connaissent votre adresse e-mail, ou disposant d&#8217;autres informations d&#8217;identification sur vous.<\/p>\n<p><i>Utilisation des informations recueillies&nbsp;:<\/i><br \/>\nEn plus des utilisations ci-dessus, les informations que vous fournissez seront utilis\u00e9es conform\u00e9ment \u00e0 la politique de confidentialit\u00e9 de Google. Google est susceptible de communiquer des statistiques globales sur les activit\u00e9s de l&#8217;utilisateur ou +1- ces r\u00e9sultats aux utilisateurs et partenaires, tels que les \u00e9diteurs, annonceurs ou des sites li\u00e9s.<\/p>\n<p><strong>D\u00e9claration de confidentialit\u00e9 pour l&#8217;utilisation de Twitter :<\/strong><br \/>\nDes fonctions du service Twitter sont int\u00e9gr\u00e9es sur notre site. Ces fonctions sont offertes par Twitter Inc., Twitter, Inc., 1355 Market St, Suite 900, San Francisco, CA 94103, USA. Gr\u00e2ce \u00e0 l&#8217;utilisation de Twitter et \u00e0 la fonction de &#8220;re-tweet&#8221;, les pages Web que vous visitez seront li\u00e9es \u00e0 votre compte Twitter et port\u00e9es \u00e0 la connaissance d&#8217;autres utilisateurs. Ces donn\u00e9es sont \u00e9galement transmises \u00e0 Twitter.<\/p>\n<p>Nous vous rappelons que nous n&#8217;avons en tant que fournisseurs de ces sites aucune connaissance du contenu des donn\u00e9es transmises et de leur utilisation \u00e0 et par Twitter. Vous trouverez plus d&#8217;informations sur la d\u00e9claration de confidentialit\u00e9 de Twitter sur <a href=\"http:\/\/twitter.com\/privacy\" target=\"_blank\" rel=\"noopener noreferrer\">http:\/\/twitter.com\/privacy<\/a>.<\/p>\n<p>Vous pouvez modifier votre d\u00e9claration de confidentialit\u00e9 de Twitter dans les param\u00e8tres de votre compte ici&nbsp;: <a href=\"http:\/\/twitter.com\/account\/settings\" target=\"_blank\" rel=\"noopener noreferrer\">http:\/\/twitter.com\/account\/settings<\/a>.<\/p>\n<div id=\"social-media\">\n\t\t\t\t\t\t<span class=\"h3\">Partager<\/span>\n\t\t\t\t\t\t<ul>\n\t\t\t\t\t\t\t<li>\n\t\t\t\t\t\t\t\t<img src=\"https:\/\/www.walkberlin.com\/fr\/wp-content\/themes\/stylemag\/images\/social-media\/facebook_icon.png\" id=\"facebook\" class=\"socialbtn\" alt=\"\" \/>\n\t\t\t\t\t\t\t<\/li>\n\t\t\t\t\t\t\t<li>\n\t\t\t\t\t\t\t\t<img src=\"https:\/\/www.walkberlin.com\/fr\/wp-content\/themes\/stylemag\/images\/social-media\/twitter_icon.png\" id=\"twitter\" class=\"socialbtn\" alt=\"\" \/>\n\t\t\t\t\t\t\t<\/li>\n\t\t\t\t\t\t\t<li>\n\t\t\t\t\t\t\t\t<img src=\"https:\/\/www.walkberlin.com\/fr\/wp-content\/themes\/stylemag\/images\/social-media\/googleplus_icon.png\" id=\"googleplus\" class=\"socialbtn\" alt=\"\" \/>\n\t\t\t\t\t\t\t<\/li>\n\t\t\t\t\t\t\t<li>\n\t\t\t\t\t\t\t\t<img src=\"https:\/\/www.walkberlin.com\/fr\/wp-content\/themes\/stylemag\/images\/social-media\/pinterest_icon.png\" id=\"pinterest\" class=\"socialbtn\" alt=\"\" \/>\n\t\t\t\t\t\t\t<\/li>\n\t\t\t\t\t\t\t<li>\n\t\t\t\t\t\t\t\t<img src=\"https:\/\/www.walkberlin.com\/fr\/wp-content\/themes\/stylemag\/images\/social-media\/whatsapp_icon.png\" id=\"whatsapp\" class=\"socialbtn\" alt=\"\" \/>\n\t\t\t\t\t\t\t<\/li>\n\t\t\t\t\t\t\t<li>\n\t\t\t\t\t\t\t\t<img src=\"https:\/\/www.walkberlin.com\/fr\/wp-content\/themes\/stylemag\/images\/social-media\/email_icon.png\" id=\"email\" class=\"socialbtn\" alt=\"\" \/>\n\t\t\t\t\t\t\t<\/li>\n\t\t\t\t\t\t<\/ul>\n\t\t\t\t\t\t<\/div>\n\t\t\t\t\t\t\t<div class=\"widget-title-border\">\n\t\t\t\t\t\t<div class=\"widget-title-block\"><\/div>\n\t\t\t\t\t<\/div>","protected":false},"excerpt":{"rendered":"<p>Responsabilit\u00e9 pour le contenu Le contenu de nos pages a \u00e9t\u00e9 \u00e9tabli avec soin. Nous ne pouvons garantir que les informations qu\u2019il comporte soient n\u00e9cessairement justes, compl\u00e8tes, exhaustives ou exactes ou \u00e0 jour. En tant que fournisseurs de services nous sommes responsables d&#8217;apr\u00e8s \u00a7 7 Abs.1 TMG des contenus personnels sur ces pages selon la<\/p>\n","protected":false},"author":2,"featured_media":0,"parent":0,"menu_order":0,"comment_status":"closed","ping_status":"closed","template":"page-templates\/template-full-width.php","meta":[],"_links":{"self":[{"href":"https:\/\/www.walkberlin.com\/fr\/wp-json\/wp\/v2\/pages\/331"}],"collection":[{"href":"https:\/\/www.walkberlin.com\/fr\/wp-json\/wp\/v2\/pages"}],"about":[{"href":"https:\/\/www.walkberlin.com\/fr\/wp-json\/wp\/v2\/types\/page"}],"author":[{"embeddable":true,"href":"https:\/\/www.walkberlin.com\/fr\/wp-json\/wp\/v2\/users\/2"}],"replies":[{"embeddable":true,"href":"https:\/\/www.walkberlin.com\/fr\/wp-json\/wp\/v2\/comments?post=331"}],"version-history":[{"count":21,"href":"https:\/\/www.walkberlin.com\/fr\/wp-json\/wp\/v2\/pages\/331\/revisions"}],"predecessor-version":[{"id":2926,"href":"https:\/\/www.walkberlin.com\/fr\/wp-json\/wp\/v2\/pages\/331\/revisions\/2926"}],"wp:attachment":[{"href":"https:\/\/www.walkberlin.com\/fr\/wp-json\/wp\/v2\/media?parent=331"}],"curies":[{"name":"wp","href":"https:\/\/api.w.org\/{rel}","templated":true}]}}