{"id":746,"date":"2013-08-27T15:44:23","date_gmt":"2013-08-27T13:44:23","guid":{"rendered":"https:\/\/www.walkberlin.com\/fr\/?page_id=746"},"modified":"2022-05-24T19:49:29","modified_gmt":"2022-05-24T17:49:29","slug":"anne-lainault","status":"publish","type":"page","link":"https:\/\/www.walkberlin.com\/fr\/a-propos\/anne-lainault\/","title":{"rendered":"Anne Lainault"},"content":{"rendered":"<p><strong>Bonjour et bienvenue sur WalkBerlin\u00a0! Je m&#8217;appelle Anne Lainault, je suis Fran\u00e7aise et originaire de B\u00e9ziers. Pourquoi Berlin\u00a0? Eh bien, comme beaucoup, j&#8217;ai toujours \u00e9t\u00e9 attir\u00e9e par la ville ! Apr\u00e8s mes \u00e9tudes d&#8217;Allemand et d&#8217;Histoire contemporaine \u00e0 Strasbourg et Dresde et puis de journalisme \u00e0 Paris, je me suis install\u00e9e \u00e0 Berlin.<\/strong><\/p>\n<p>J&#8217;ai toujours voulu vivre \u00e0 Berlin, et en 2006, ce fut chose faite. Au d\u00e9but, je devais juste compl\u00e9ter ma formation journalistique par des stages. Mais je suis tres vite tomb\u00e9e sous le charme de la ville. Berlin, on aime ou on d\u00e9teste&#8230; Depuis, j&#8217;ai travaill\u00e9 dans le journalisme, l&#8217;interculturel et l&#8217;histoire, sous toutes ses coutures. En 2008, j&#8217;ai commenc\u00e9 \u00e0 travailler comme guide dans plusieurs mus\u00e9es, accompagnant les groupes de France, de Grande-Bretagne mais aussi d&#8217;Allemagne sur les traces de l&#8217;histoire allemande du 20\u00e8me si\u00e8cle.<\/p>\n<p><strong>Avec WalkBerlin je vous invite \u00e0 d\u00e9couvrir Berlin autrement\u00a0!<\/strong> Jusqu&#8217;en 2020, je vous proposais des visites guid\u00e9es de Berlin et son histoire &#8211; ma passion. Aujourd&#8217;hui, je vous propose un blog d\u00e9couverte de Berlin et du Brandebourg &#8211; d&#8217;aujourd&#8217;hui et d&#8217;hier. En partant sur les traces des grands \u00e9v\u00e9nements qui ont marqu\u00e9 l&#8217;histoire mondiale, l&#8217;histoire de Berlin et des Berlinois.<\/p>\n<div id=\"social-media\">\n\t\t\t\t\t\t<span class=\"h3\">Partager<\/span>\n\t\t\t\t\t\t<ul>\n\t\t\t\t\t\t\t<li>\n\t\t\t\t\t\t\t\t<img src=\"https:\/\/www.walkberlin.com\/fr\/wp-content\/themes\/stylemag\/images\/social-media\/facebook_icon.png\" id=\"facebook\" class=\"socialbtn\" alt=\"\" \/>\n\t\t\t\t\t\t\t<\/li>\n\t\t\t\t\t\t\t<li>\n\t\t\t\t\t\t\t\t<img src=\"https:\/\/www.walkberlin.com\/fr\/wp-content\/themes\/stylemag\/images\/social-media\/twitter_icon.png\" id=\"twitter\" class=\"socialbtn\" alt=\"\" \/>\n\t\t\t\t\t\t\t<\/li>\n\t\t\t\t\t\t\t<li>\n\t\t\t\t\t\t\t\t<img src=\"https:\/\/www.walkberlin.com\/fr\/wp-content\/themes\/stylemag\/images\/social-media\/googleplus_icon.png\" id=\"googleplus\" class=\"socialbtn\" alt=\"\" \/>\n\t\t\t\t\t\t\t<\/li>\n\t\t\t\t\t\t\t<li>\n\t\t\t\t\t\t\t\t<img src=\"https:\/\/www.walkberlin.com\/fr\/wp-content\/themes\/stylemag\/images\/social-media\/pinterest_icon.png\" id=\"pinterest\" class=\"socialbtn\" alt=\"\" \/>\n\t\t\t\t\t\t\t<\/li>\n\t\t\t\t\t\t\t<li>\n\t\t\t\t\t\t\t\t<img src=\"https:\/\/www.walkberlin.com\/fr\/wp-content\/themes\/stylemag\/images\/social-media\/whatsapp_icon.png\" id=\"whatsapp\" class=\"socialbtn\" alt=\"\" \/>\n\t\t\t\t\t\t\t<\/li>\n\t\t\t\t\t\t\t<li>\n\t\t\t\t\t\t\t\t<img src=\"https:\/\/www.walkberlin.com\/fr\/wp-content\/themes\/stylemag\/images\/social-media\/email_icon.png\" id=\"email\" class=\"socialbtn\" alt=\"\" \/>\n\t\t\t\t\t\t\t<\/li>\n\t\t\t\t\t\t<\/ul>\n\t\t\t\t\t\t<\/div>\n\t\t\t\t\t\t\t<div class=\"widget-title-border\">\n\t\t\t\t\t\t<div class=\"widget-title-block\"><\/div>\n\t\t\t\t\t<\/div>","protected":false},"excerpt":{"rendered":"<p>Bonjour et bienvenue sur WalkBerlin\u00a0! Je m&#8217;appelle Anne Lainault, je suis Fran\u00e7aise et originaire de B\u00e9ziers. Pourquoi Berlin\u00a0? Eh bien, comme beaucoup, j&#8217;ai toujours \u00e9t\u00e9 attir\u00e9e par la ville ! Apr\u00e8s mes \u00e9tudes d&#8217;Allemand et d&#8217;Histoire contemporaine \u00e0 Strasbourg et Dresde et puis de journalisme \u00e0 Paris, je me suis install\u00e9e \u00e0 Berlin. J&#8217;ai toujours<\/p>\n","protected":false},"author":2,"featured_media":0,"parent":837,"menu_order":0,"comment_status":"closed","ping_status":"open","template":"","meta":[],"_links":{"self":[{"href":"https:\/\/www.walkberlin.com\/fr\/wp-json\/wp\/v2\/pages\/746"}],"collection":[{"href":"https:\/\/www.walkberlin.com\/fr\/wp-json\/wp\/v2\/pages"}],"about":[{"href":"https:\/\/www.walkberlin.com\/fr\/wp-json\/wp\/v2\/types\/page"}],"author":[{"embeddable":true,"href":"https:\/\/www.walkberlin.com\/fr\/wp-json\/wp\/v2\/users\/2"}],"replies":[{"embeddable":true,"href":"https:\/\/www.walkberlin.com\/fr\/wp-json\/wp\/v2\/comments?post=746"}],"version-history":[{"count":24,"href":"https:\/\/www.walkberlin.com\/fr\/wp-json\/wp\/v2\/pages\/746\/revisions"}],"predecessor-version":[{"id":3214,"href":"https:\/\/www.walkberlin.com\/fr\/wp-json\/wp\/v2\/pages\/746\/revisions\/3214"}],"up":[{"embeddable":true,"href":"https:\/\/www.walkberlin.com\/fr\/wp-json\/wp\/v2\/pages\/837"}],"wp:attachment":[{"href":"https:\/\/www.walkberlin.com\/fr\/wp-json\/wp\/v2\/media?parent=746"}],"curies":[{"name":"wp","href":"https:\/\/api.w.org\/{rel}","templated":true}]}}